{"id":2581,"date":"2024-02-09T20:33:27","date_gmt":"2024-02-09T17:33:27","guid":{"rendered":"https:\/\/euroreels.com\/?page_id=2581"},"modified":"2026-01-06T03:35:54","modified_gmt":"2026-01-06T00:35:54","slug":"oxygen-acetylene-hose-reels","status":"publish","type":"page","link":"https:\/\/euroreels.com\/en\/oxygen-acetylene-hose-reels\/","title":{"rendered":"Oxygen Acetylene Hose Reels"},"content":{"rendered":"\t\t<div data-elementor-type=\"wp-page\" data-elementor-id=\"2581\" class=\"elementor elementor-2581\">\n\t\t\t\t<div class=\"elementor-element elementor-element-c5674dd e-flex e-con-boxed e-con e-parent\" data-id=\"c5674dd\" data-element_type=\"container\" data-e-type=\"container\">\n\t\t\t\t\t<div class=\"e-con-inner\">\n\t\t\t\t<div class=\"elementor-element elementor-element-52f5143 elementor-widget elementor-widget-text-editor\" data-id=\"52f5143\" data-element_type=\"widget\" data-e-type=\"widget\" data-widget_type=\"text-editor.default\">\n\t\t\t\t<div class=\"elementor-widget-container\">\n\t\t\t\t\t\t\t\t\t<h1 class=\"wp-block-heading has-text-color has-link-color\" style=\"color: #137ec5;\">What is an Oxygen Acetylene Hose Reel?<\/h1>\n<p><!-- \/wp:heading --><!-- wp:paragraph --><\/p>\n<p><strong>An oxygen acetylene hose reel <\/strong>is an industrial device designed to keep hoses organized and facilitate the transport of oxygen and acetylene gases, commonly used in welding and cutting operations. Known in the market as <mark class=\"has-inline-color\" style=\"background-color: rgba(0, 0, 0, 0); color: #157ec0;\"><strong>oxygen acetylene reels<\/strong>,<\/mark> these hose reels enhance mobility and ease of use on job sites, ensuring workers can perform safely and efficiently. Our <mark class=\"has-inline-color\" style=\"background-color: rgba(0, 0, 0, 0); color: #157ec0;\">Euroreels welding reels<\/mark>\u00a0are typically robust and durable.<\/p>\n<p><!-- \/wp:paragraph --><!-- wp:paragraph --><\/p>\n<p>Oxygen acetylene hose reels are built with two separate swivels and a single shaft, enabling the transfer of gases like oxygen, acetylene, and LPG without mixing. In addition to dual-hose reels, we also offer reels specifically for oxygen or acetylene hoses.<\/p>\n<p><!-- \/wp:paragraph --><!-- wp:image {\"lightbox\":true,\"id\":3694,\"width\":\"350px\",\"sizeSlug\":\"large\",\"linkDestination\":\"none\",\"align\":\"left\",\"className\":\"has-lightbox\"} --><\/p>\n<figure class=\"wp-block-image alignleft size-large is-resized has-lightbox has-lightbox\"><img fetchpriority=\"high\" decoding=\"async\" class=\"alignnone wp-image-3694\" style=\"width: 350px;\" src=\"https:\/\/euroreels.com\/wp-content\/uploads\/2024\/05\/Oksijen-Asetilen-Hortum-Makarasi-1-1024x1024.webp\" alt=\"oxygen acetylene reels, oxy acetylene reels, oxygen-acetylene reels, welding reels, welding reel, Sauerstoff-Acetylen-Schlauchtrommel, Schwei\u00dftrommel, Zwillingsschlauchtrommel, Enrouleur oxyg\u00e8ne-ac\u00e9tyl\u00e8ne, Enrouleur de soudage, Enrouleur double tuyau, Enrollador de ox\u00edgeno-acetileno, Enrollador de soldadura, Enrollador de manguera doble\" width=\"1024\" height=\"1024\" srcset=\"https:\/\/euroreels.com\/en\/wp-content\/uploads\/2024\/05\/Oksijen-Asetilen-Hortum-Makarasi-1-1024x1024.webp 1024w, https:\/\/euroreels.com\/en\/wp-content\/uploads\/2024\/05\/Oksijen-Asetilen-Hortum-Makarasi-1-300x300.webp 300w, https:\/\/euroreels.com\/en\/wp-content\/uploads\/2024\/05\/Oksijen-Asetilen-Hortum-Makarasi-1-150x150.webp 150w, https:\/\/euroreels.com\/en\/wp-content\/uploads\/2024\/05\/Oksijen-Asetilen-Hortum-Makarasi-1-768x768.webp 768w, https:\/\/euroreels.com\/en\/wp-content\/uploads\/2024\/05\/Oksijen-Asetilen-Hortum-Makarasi-1-1536x1536.webp 1536w, https:\/\/euroreels.com\/en\/wp-content\/uploads\/2024\/05\/Oksijen-Asetilen-Hortum-Makarasi-1-2048x2048.webp 2048w\" sizes=\"(max-width: 1024px) 100vw, 1024px\" \/><\/figure>\n<p><!-- \/wp:image --><!-- wp:image {\"id\":3981,\"width\":\"350px\",\"height\":\"350px\",\"scale\":\"cover\",\"sizeSlug\":\"large\",\"linkDestination\":\"none\",\"align\":\"right\"} --><\/p>\n<figure class=\"wp-block-image alignright size-large is-resized\"><img decoding=\"async\" width=\"683\" height=\"1024\" class=\"wp-image-3981\" style=\"object-fit: cover; width: 350px; height: 350px;\" src=\"https:\/\/euroreels.com\/wp-content\/uploads\/2024\/05\/pexels-clintdyguaso-845729-3823271-683x1024.jpg\" alt=\"\" srcset=\"https:\/\/euroreels.com\/en\/wp-content\/uploads\/2024\/05\/pexels-clintdyguaso-845729-3823271-683x1024.jpg 683w, https:\/\/euroreels.com\/en\/wp-content\/uploads\/2024\/05\/pexels-clintdyguaso-845729-3823271-200x300.jpg 200w, https:\/\/euroreels.com\/en\/wp-content\/uploads\/2024\/05\/pexels-clintdyguaso-845729-3823271-768x1152.jpg 768w, https:\/\/euroreels.com\/en\/wp-content\/uploads\/2024\/05\/pexels-clintdyguaso-845729-3823271-1024x1536.jpg 1024w, https:\/\/euroreels.com\/en\/wp-content\/uploads\/2024\/05\/pexels-clintdyguaso-845729-3823271-1365x2048.jpg 1365w, https:\/\/euroreels.com\/en\/wp-content\/uploads\/2024\/05\/pexels-clintdyguaso-845729-3823271-scaled.jpg 1707w\" sizes=\"(max-width: 683px) 100vw, 683px\" \/><\/figure>\n<p><!-- \/wp:image --><!-- wp:heading {\"level\":4,\"style\":{\"color\":{\"text\":\"#137ec5\"},\"elements\":{\"link\":{\"color\":{\"text\":\"#137ec5\"}}}}} --><\/p>\n<h4 class=\"wp-block-heading has-text-color has-link-color\" style=\"color: #137ec5;\"><strong>Operating Principle<\/strong><\/h4>\n<p><!-- \/wp:heading --><!-- wp:paragraph --><\/p>\n<p>The operating principle of <a href=\"https:\/\/euroreels.com\/en\/custom-design-reels\/\" target=\"_blank\" rel=\"noreferrer noopener\">hose reels<\/a> also applies to oxy-acetylene hose reels. The industrial reel holds the oxygen acetylene hose, which can move thanks to a specially designed swivel. The supply hose is mounted on a fixed shaft, allowing the reel hose to move while the supply hose remains stationary. This prevents the hose from kinking or twisting, ensuring longer hose life and reliable operation.<\/p>\n<p><!-- \/wp:paragraph --><!-- wp:paragraph --><\/p>\n<p>Oxygen and acetylene are frequently used in industrial applications such as metal cutting and welding. These gases are transported and handled using specialized equipment. The oxygen acetylene hose reel ensures the safe transport of gases to welding or cutting machines. The reel typically holds oxygen and acetylene hoses, allowing the user to move freely within the workspace.<\/p>\n<p><!-- \/wp:paragraph --><!-- wp:heading {\"level\":4,\"style\":{\"color\":{\"text\":\"#137ec5\"},\"elements\":{\"link\":{\"color\":{\"text\":\"#137ec5\"}}}}} --><\/p>\n<h4 class=\"wp-block-heading has-text-color has-link-color\" style=\"color: #137ec5;\"><strong>Latching Mechanism\u00a0of Welding Hose Reel<\/strong><\/h4>\n<p><!-- \/wp:heading --><!-- wp:paragraph --><\/p>\n<p>The latching mechanism, designed to prevent strain on the operator, features a pawl and ratchet system that keeps the hose fixed at the desired length. It automatically rewinds the hose when pulled slightly and released.<\/p>\n<p><!-- \/wp:paragraph --><!-- wp:paragraph {\"align\":\"center\"} --><\/p>\n<p class=\"has-text-align-center\"><img decoding=\"async\" width=\"75\" height=\"77\" class=\"wp-image-2178\" style=\"width: 75px;\" src=\"https:\/\/euroreels.com\/wp-content\/uploads\/2024\/01\/oksijen-asetilen.jpg\" alt=\"Oksijen asetilen hortumu\" srcset=\"https:\/\/euroreels.com\/en\/wp-content\/uploads\/2024\/01\/oksijen-asetilen.jpg 679w, https:\/\/euroreels.com\/en\/wp-content\/uploads\/2024\/01\/oksijen-asetilen-291x300.jpg 291w\" sizes=\"(max-width: 75px) 100vw, 75px\" \/> <img decoding=\"async\" class=\"wp-image-2181\" style=\"width: 75px;\" src=\"https:\/\/euroreels.com\/wp-content\/uploads\/2024\/01\/oksijen.png\" alt=\"\" \/> <img loading=\"lazy\" decoding=\"async\" width=\"75\" height=\"48\" class=\"wp-image-2182\" style=\"width: 75px;\" src=\"https:\/\/euroreels.com\/wp-content\/uploads\/2024\/01\/asetilen.png\" alt=\"\" srcset=\"https:\/\/euroreels.com\/en\/wp-content\/uploads\/2024\/01\/asetilen.png 389w, https:\/\/euroreels.com\/en\/wp-content\/uploads\/2024\/01\/asetilen-300x192.png 300w\" sizes=\"(max-width: 75px) 100vw, 75px\" \/><\/p>\n<p><!-- \/wp:paragraph --><!-- wp:paragraph {\"style\":{\"elements\":{\"link\":{\"color\":{\"text\":\"var:preset|color|black\"}}}},\"textColor\":\"black\",\"className\":\"is-style-info\"} --><\/p>\n<p class=\"is-style-info has-black-color has-text-color has-link-color\"><mark class=\"has-inline-color\" style=\"background-color: rgba(0, 0, 0, 0); color: #157ec0;\"><strong>Euroreels<\/strong><\/mark> <strong>Oxygen acetylene hose reels,<\/strong> while primarily designed for twin hoses used in welding and cutting, can also be configured for single hoses as separate oxygen or acetylene hose reels.<\/p>\n<p><!-- \/wp:paragraph --><!-- wp:heading {\"style\":{\"color\":{\"text\":\"#137ec5\"},\"elements\":{\"link\":{\"color\":{\"text\":\"#137ec5\"}}}}} --><\/p>\n<h2 class=\"wp-block-heading has-text-color has-link-color\" style=\"color: #137ec5;\"><strong>Applications for Oxygen Acetylene Hose Reels<\/strong><\/h2>\n<p><!-- \/wp:heading --><!-- wp:list --><\/p>\n<ul><!-- wp:list-item -->\n<li>Metal Cutting and Welding<\/li>\n<!-- \/wp:list-item --><!-- wp:list-item -->\n<li>Construction and Ironwork<\/li>\n<!-- \/wp:list-item --><!-- wp:list-item -->\n<li>Repair and Maintenance<\/li>\n<!-- \/wp:list-item --><!-- wp:list-item -->\n<li>Automotive Industry<\/li>\n<!-- \/wp:list-item --><!-- wp:list-item -->\n<li>Industrial Maintenance<\/li>\n<!-- \/wp:list-item --><!-- wp:list-item -->\n<li>Shipbuilding and Shipyards<\/li>\n<!-- \/wp:list-item --><\/ul>\n<p><!-- \/wp:list --><!-- wp:group {\"layout\":{\"type\":\"constrained\"}} --><\/p>\n<div class=\"wp-block-group\"><!-- wp:gallery {\"linkTo\":\"none\",\"layout\":{\"type\":\"flex\",\"flexWrap\":null}} -->\n<figure class=\"wp-block-gallery has-nested-images columns-default is-cropped\"><!-- wp:image {\"id\":3696,\"sizeSlug\":\"large\",\"linkDestination\":\"none\"} --><!-- \/wp:image --><\/figure>\n<!-- \/wp:gallery --><\/div>\n<p><!-- \/wp:group --><!-- wp:heading {\"level\":3,\"style\":{\"color\":{\"text\":\"#137ec5\"},\"elements\":{\"link\":{\"color\":{\"text\":\"#137ec5\"}}}}} --><\/p>\n<h3 class=\"wp-block-heading has-text-color has-link-color\" style=\"color: #137ec5;\"><strong>Technical Specifications of Oxygen Acetylene Hose Reels<\/strong><\/h3>\n<p><!-- \/wp:heading --><!-- wp:table {\"style\":{\"elements\":{\"link\":{\"color\":{\"text\":\"#157ec0\"}}},\"color\":{\"text\":\"#157ec0\"}}} --><\/p>\n<figure class=\"wp-block-table\">\n<table class=\"has-text-color has-link-color\" style=\"color: #157ec0;\">\n<thead>\n<tr>\n<th>Description<\/th>\n<th>Features<\/th>\n<\/tr>\n<\/thead>\n<tbody>\n<tr>\n<td><strong>Length<\/strong><\/td>\n<td><strong>50 meters (Spring-loaded)<\/strong><\/td>\n<\/tr>\n<tr>\n<td><strong>Working Pressure (bar)<\/strong><\/td>\n<td><strong>Up to 25 bar<\/strong><\/td>\n<\/tr>\n<tr>\n<td><strong>Working Temperature (\u00b0C)<\/strong><\/td>\n<td><strong>-5\u00b0C to +60\u00b0C<\/strong><\/td>\n<\/tr>\n<tr>\n<td><strong>Frame Material<\/strong><\/td>\n<td><strong>S235JR (ST-37) (Standard) \/ SS304-SS316 (Optional)<\/strong><\/td>\n<\/tr>\n<tr>\n<td><strong>Shaft Material<\/strong><\/td>\n<td><strong>SS303 (Standard) \/ SS304-SS316 (Optional)<\/strong><\/td>\n<\/tr>\n<tr>\n<td><strong>Swivel Material<\/strong><\/td>\n<td><strong>CuzN37 (Brass)<\/strong><\/td>\n<\/tr>\n<tr>\n<td><strong>Flow Path Feature<\/strong><\/td>\n<td><strong>Completely stainless<\/strong><\/td>\n<\/tr>\n<tr>\n<td><strong>Automatic Sequential Winding Feature (*)<\/strong><\/td>\n<td><strong>Optional after 20 meters<\/strong><\/td>\n<\/tr>\n<tr>\n<td><strong>Hose Direction<\/strong><\/td>\n<td><strong>Adjustable Bottom &#8211; Top (Varies by model)<\/strong><\/td>\n<\/tr>\n<tr>\n<td><strong>Color Options<\/strong><\/td>\n<td><strong>RAL5015 (Standard) &#8211; Optional Color Available<\/strong><\/td>\n<\/tr>\n<\/tbody>\n<\/table>\n<figcaption class=\"wp-element-caption\">For more detailed information, please feel free to<strong>\u00a0<a href=\"https:\/\/euroreels.com\/en\/contact\/\" target=\"_blank\" rel=\"noreferrer noopener\">contact<\/a><\/strong><a href=\"https:\/\/euroreels.com\/en\/contact\/\">\u00a0<\/a>us.<\/figcaption>\n<\/figure>\n<p><!-- \/wp:table --><!-- wp:heading {\"level\":3,\"style\":{\"color\":{\"text\":\"#137ec5\"},\"elements\":{\"link\":{\"color\":{\"text\":\"#137ec5\"}}}}} --><\/p>\n<h3 class=\"wp-block-heading has-text-color has-link-color\" style=\"color: #137ec5;\"><strong>Why To Use Oxygen Acetylene Hose Reels?<\/strong><\/h3>\n<p><!-- \/wp:heading --><!-- wp:list --><\/p>\n<ul><!-- wp:list-item -->\n<li><strong>Mobility:<\/strong> Oxygen and acetylene hose reels keep hoses neatly coiled, giving workers greater freedom of movement. This allows for easy maneuvering and more efficient operations on the job site.<\/li>\n<!-- \/wp:list-item --><!-- wp:list-item -->\n<li><strong>Safety:<\/strong> These hose reels ensure safe storage and protection of gas hoses. Properly coiled hoses prevent tripping and tangling, reducing potential hazards.<\/li>\n<!-- \/wp:list-item --><!-- wp:list-item -->\n<li><strong>Efficiency:<\/strong> Quick deployment and retraction of hoses allow workers to start and finish tasks faster, thus enhancing workflow efficiency.<\/li>\n<!-- \/wp:list-item --><!-- wp:list-item -->\n<li><strong>Easy Storage and Transport:<\/strong> Hose reels keep hoses organized for easy storage and transport, maintaining a tidy work environment.<\/li>\n<!-- \/wp:list-item --><!-- wp:list-item -->\n<li><strong>Versatility:<\/strong> Oxygen acetylene hose reels are used mainly in welding but are also suitable for metal cutting, construction, maintenance, and repair across various industries.<\/li>\n<!-- \/wp:list-item --><!-- wp:list-item -->\n<li><strong>Durability:<\/strong> High-quality hose reels made from durable materials ensure long-term, reliable service. This provides customers with a dependable solution for their gas hose needs.<\/li>\n<!-- \/wp:list-item --><\/ul>\n<p><!-- \/wp:list --><!-- wp:paragraph --><\/p>\n<p>Not the reel you are looking for? Check our<strong>\u00a0<a href=\"https:\/\/euroreels.com\/en\/products\/\" target=\"_blank\" rel=\"noreferrer noopener\">products\u00a0<\/a><\/strong>for more options<\/p>\n<p><!-- \/wp:paragraph --><!-- wp:columns --><\/p>\n<div class=\"wp-block-columns\"><!-- wp:column {\"width\":\"50%\"} -->\n<div class=\"wp-block-column\" style=\"flex-basis: 50%;\"><!-- wp:image {\"id\":3697,\"width\":\"350px\",\"height\":\"auto\",\"sizeSlug\":\"full\",\"linkDestination\":\"none\",\"align\":\"center\",\"className\":\"has-lightbox is-style-default\"} -->\n<figure class=\"wp-block-image aligncenter size-full is-resized has-lightbox is-style-default\"><img loading=\"lazy\" decoding=\"async\" class=\"alignnone wp-image-3697\" style=\"width: 350px; height: auto;\" src=\"https:\/\/euroreels.com\/wp-content\/uploads\/2024\/05\/Kaynak-Hortum-Makarasi-1-scaled.webp\" alt=\"oxy acetylene reel, oxy reel, acetylene reel, acetylene reels, oxy reels, oxy-acetylene reels\" width=\"2560\" height=\"2560\" srcset=\"https:\/\/euroreels.com\/en\/wp-content\/uploads\/2024\/05\/Kaynak-Hortum-Makarasi-1-scaled.webp 2560w, https:\/\/euroreels.com\/en\/wp-content\/uploads\/2024\/05\/Kaynak-Hortum-Makarasi-1-300x300.webp 300w, https:\/\/euroreels.com\/en\/wp-content\/uploads\/2024\/05\/Kaynak-Hortum-Makarasi-1-1024x1024.webp 1024w, https:\/\/euroreels.com\/en\/wp-content\/uploads\/2024\/05\/Kaynak-Hortum-Makarasi-1-150x150.webp 150w, https:\/\/euroreels.com\/en\/wp-content\/uploads\/2024\/05\/Kaynak-Hortum-Makarasi-1-768x768.webp 768w, https:\/\/euroreels.com\/en\/wp-content\/uploads\/2024\/05\/Kaynak-Hortum-Makarasi-1-1536x1536.webp 1536w, https:\/\/euroreels.com\/en\/wp-content\/uploads\/2024\/05\/Kaynak-Hortum-Makarasi-1-2048x2048.webp 2048w\" sizes=\"(max-width: 2560px) 100vw, 2560px\" \/><\/figure>\n<!-- \/wp:image --><\/div>\n<!-- \/wp:column --><!-- wp:column {\"width\":\"50%\"} -->\n<div class=\"wp-block-column\" style=\"flex-basis: 50%;\"><!-- wp:image {\"id\":3698,\"width\":\"350px\",\"sizeSlug\":\"large\",\"linkDestination\":\"none\",\"align\":\"center\",\"className\":\"has-lightbox\"} -->\n<figure class=\"wp-block-image aligncenter size-large is-resized has-lightbox\"><img loading=\"lazy\" decoding=\"async\" width=\"350\" height=\"350\" class=\"wp-image-3698\" style=\"width: 350px;\" src=\"https:\/\/euroreels.com\/wp-content\/uploads\/2024\/05\/Oksijen-Asetilen-Hortum-Makarasi-2-3-1024x1024.webp\" alt=\"Retractable Twin Hose Reel for Oxygen Acetylene, Oxygen Acetylene Dual Welding Retractable Reel, Oxy-Acetylene Torch Hose Reel, Best Welding Reel\" srcset=\"https:\/\/euroreels.com\/en\/wp-content\/uploads\/2024\/05\/Oksijen-Asetilen-Hortum-Makarasi-2-3-1024x1024.webp 1024w, https:\/\/euroreels.com\/en\/wp-content\/uploads\/2024\/05\/Oksijen-Asetilen-Hortum-Makarasi-2-3-300x300.webp 300w, https:\/\/euroreels.com\/en\/wp-content\/uploads\/2024\/05\/Oksijen-Asetilen-Hortum-Makarasi-2-3-150x150.webp 150w, https:\/\/euroreels.com\/en\/wp-content\/uploads\/2024\/05\/Oksijen-Asetilen-Hortum-Makarasi-2-3-768x768.webp 768w, https:\/\/euroreels.com\/en\/wp-content\/uploads\/2024\/05\/Oksijen-Asetilen-Hortum-Makarasi-2-3-1536x1536.webp 1536w, https:\/\/euroreels.com\/en\/wp-content\/uploads\/2024\/05\/Oksijen-Asetilen-Hortum-Makarasi-2-3-2048x2048.webp 2048w\" sizes=\"(max-width: 350px) 100vw, 350px\" \/><\/figure>\n<!-- \/wp:image --><\/div>\n<!-- \/wp:column --><\/div>\n<p><!-- \/wp:columns --><\/p>\t\t\t\t\t\t\t\t<\/div>\n\t\t\t\t<\/div>\n\t\t\t\t\t<\/div>\n\t\t\t\t<\/div>\n\t\t<div class=\"elementor-element elementor-element-fd2a761 e-flex e-con-boxed e-con e-parent\" data-id=\"fd2a761\" data-element_type=\"container\" data-e-type=\"container\">\n\t\t\t\t\t<div class=\"e-con-inner\">\n\t\t\t\t<div class=\"elementor-element elementor-element-ae8759a elementor-arrows-position-inside elementor-pagination-position-outside elementor-widget elementor-widget-image-carousel\" data-id=\"ae8759a\" data-element_type=\"widget\" data-e-type=\"widget\" data-settings=\"{&quot;slides_to_show&quot;:&quot;4&quot;,&quot;navigation&quot;:&quot;both&quot;,&quot;autoplay&quot;:&quot;yes&quot;,&quot;pause_on_hover&quot;:&quot;yes&quot;,&quot;pause_on_interaction&quot;:&quot;yes&quot;,&quot;autoplay_speed&quot;:5000,&quot;infinite&quot;:&quot;yes&quot;,&quot;speed&quot;:500}\" data-widget_type=\"image-carousel.default\">\n\t\t\t\t<div class=\"elementor-widget-container\">\n\t\t\t\t\t\t\t<div class=\"elementor-image-carousel-wrapper swiper\" role=\"region\" aria-roledescription=\"carousel\" aria-label=\"Oxt Carosel\" dir=\"ltr\">\n\t\t\t<div class=\"elementor-image-carousel swiper-wrapper\" aria-live=\"off\">\n\t\t\t\t\t\t\t\t<div class=\"swiper-slide\" role=\"group\" aria-roledescription=\"slide\" aria-label=\"1 of 4\"><figure class=\"swiper-slide-inner\"><img decoding=\"async\" class=\"swiper-slide-image\" src=\"https:\/\/euroreels.com\/en\/wp-content\/uploads\/2025\/04\/22-768x768.png\" alt=\"Euroreels compact dual oxygen-acetylene hose reel for welding and industrial applications\" \/><\/figure><\/div><div class=\"swiper-slide\" role=\"group\" aria-roledescription=\"slide\" aria-label=\"2 of 4\"><figure class=\"swiper-slide-inner\"><img decoding=\"async\" class=\"swiper-slide-image\" src=\"https:\/\/euroreels.com\/en\/wp-content\/uploads\/2025\/04\/11-768x768.png\" alt=\"Compact oxygen-acetylene hose reel for efficient welding operations \u2013 Euroreels\" \/><\/figure><\/div><div class=\"swiper-slide\" role=\"group\" aria-roledescription=\"slide\" aria-label=\"3 of 4\"><figure class=\"swiper-slide-inner\"><img decoding=\"async\" class=\"swiper-slide-image\" src=\"https:\/\/euroreels.com\/en\/wp-content\/uploads\/2025\/04\/Oksijen-Asetilen-Hortum-Tamburu-768x768.png\" alt=\"Dual hose reel for oxygen and acetylene hoses \u2013 Euroreels\" \/><\/figure><\/div><div class=\"swiper-slide\" role=\"group\" aria-roledescription=\"slide\" aria-label=\"4 of 4\"><figure class=\"swiper-slide-inner\"><img decoding=\"async\" class=\"swiper-slide-image\" src=\"https:\/\/euroreels.com\/en\/wp-content\/uploads\/2025\/04\/33-768x768.png\" alt=\"Oxygen-acetylene hose reel for welding and industrial applications \u2013 Euroreels\" \/><\/figure><\/div>\t\t\t<\/div>\n\t\t\t\t\t\t\t\t\t\t\t\t<div class=\"elementor-swiper-button elementor-swiper-button-prev\" role=\"button\" tabindex=\"0\">\n\t\t\t\t\t\t<svg aria-hidden=\"true\" class=\"e-font-icon-svg e-eicon-chevron-left\" viewBox=\"0 0 1000 1000\" xmlns=\"http:\/\/www.w3.org\/2000\/svg\"><path d=\"M646 125C629 125 613 133 604 142L308 442C296 454 292 471 292 487 292 504 296 521 308 533L604 854C617 867 629 875 646 875 663 875 679 871 692 858 704 846 713 829 713 812 713 796 708 779 692 767L438 487 692 225C700 217 708 204 708 187 708 171 704 154 692 142 675 129 663 125 646 125Z\"><\/path><\/svg>\t\t\t\t\t<\/div>\n\t\t\t\t\t<div class=\"elementor-swiper-button elementor-swiper-button-next\" role=\"button\" tabindex=\"0\">\n\t\t\t\t\t\t<svg aria-hidden=\"true\" class=\"e-font-icon-svg e-eicon-chevron-right\" viewBox=\"0 0 1000 1000\" xmlns=\"http:\/\/www.w3.org\/2000\/svg\"><path d=\"M696 533C708 521 713 504 713 487 713 471 708 454 696 446L400 146C388 133 375 125 354 125 338 125 325 129 313 142 300 154 292 171 292 187 292 204 296 221 308 233L563 492 304 771C292 783 288 800 288 817 288 833 296 850 308 863 321 871 338 875 354 875 371 875 388 867 400 854L696 533Z\"><\/path><\/svg>\t\t\t\t\t<\/div>\n\t\t\t\t\n\t\t\t\t\t\t\t\t\t<div class=\"swiper-pagination\"><\/div>\n\t\t\t\t\t\t\t\t\t<\/div>\n\t\t\t\t\t\t<\/div>\n\t\t\t\t<\/div>\n\t\t\t\t\t<\/div>\n\t\t\t\t<\/div>\n\t\t\t\t<\/div>\n\t\t","protected":false},"excerpt":{"rendered":"<p>What is an Oxygen Acetylene Hose Reel? An oxygen acetylene hose reel is an industrial device designed to keep hoses organized and facilitate the transport of oxygen and acetylene gases, commonly used in welding and cutting operations. Known in the market as oxygen acetylene reels, these hose reels enhance mobility and ease of use on [&hellip;]<\/p>\n","protected":false},"author":1,"featured_media":4930,"parent":0,"menu_order":0,"comment_status":"closed","ping_status":"closed","template":"","meta":{"footnotes":""},"class_list":["post-2581","page","type-page","status-publish","has-post-thumbnail","hentry"],"aioseo_notices":[],"_links":{"self":[{"href":"https:\/\/euroreels.com\/en\/wp-json\/wp\/v2\/pages\/2581","targetHints":{"allow":["GET"]}}],"collection":[{"href":"https:\/\/euroreels.com\/en\/wp-json\/wp\/v2\/pages"}],"about":[{"href":"https:\/\/euroreels.com\/en\/wp-json\/wp\/v2\/types\/page"}],"author":[{"embeddable":true,"href":"https:\/\/euroreels.com\/en\/wp-json\/wp\/v2\/users\/1"}],"replies":[{"embeddable":true,"href":"https:\/\/euroreels.com\/en\/wp-json\/wp\/v2\/comments?post=2581"}],"version-history":[{"count":16,"href":"https:\/\/euroreels.com\/en\/wp-json\/wp\/v2\/pages\/2581\/revisions"}],"predecessor-version":[{"id":5494,"href":"https:\/\/euroreels.com\/en\/wp-json\/wp\/v2\/pages\/2581\/revisions\/5494"}],"wp:featuredmedia":[{"embeddable":true,"href":"https:\/\/euroreels.com\/en\/wp-json\/wp\/v2\/media\/4930"}],"wp:attachment":[{"href":"https:\/\/euroreels.com\/en\/wp-json\/wp\/v2\/media?parent=2581"}],"curies":[{"name":"wp","href":"https:\/\/api.w.org\/{rel}","templated":true}]}}