{"id":2547,"date":"2024-02-09T20:29:28","date_gmt":"2024-02-09T17:29:28","guid":{"rendered":"https:\/\/euroreels.com\/?page_id=2547"},"modified":"2026-01-06T03:34:39","modified_gmt":"2026-01-06T00:34:39","slug":"fuel-hose-reels","status":"publish","type":"page","link":"https:\/\/euroreels.com\/en\/fuel-hose-reels\/","title":{"rendered":"Fuel Hose Reels"},"content":{"rendered":"\t\t<div data-elementor-type=\"wp-page\" data-elementor-id=\"2547\" class=\"elementor elementor-2547\">\n\t\t\t\t<div class=\"elementor-element elementor-element-0a93a5f e-flex e-con-boxed e-con e-parent\" data-id=\"0a93a5f\" data-element_type=\"container\" data-e-type=\"container\">\n\t\t\t\t\t<div class=\"e-con-inner\">\n\t\t\t\t<div class=\"elementor-element elementor-element-3968a1f elementor-widget elementor-widget-text-editor\" data-id=\"3968a1f\" data-element_type=\"widget\" data-e-type=\"widget\" data-widget_type=\"text-editor.default\">\n\t\t\t\t<div class=\"elementor-widget-container\">\n\t\t\t\t\t\t\t\t\t<h1 class=\"wp-block-heading has-text-color has-link-color\" style=\"color: #137ec5;\"><strong>What is a Fuel Hose Reel?<\/strong><\/h1>\n<p><!-- \/wp:heading --><!-- wp:paragraph --><\/p>\n<p><strong>Fuel hose reels<\/strong> are industrial devices used in fuel transfer operations that automatically rewinds the fuel hoses, allowing the hose on the reel to move while the supply hose remains fixed at the reel&#8217;s inlet.<\/p>\n<p><!-- \/wp:paragraph --><!-- wp:paragraph --><\/p>\n<p>Manufactured to specific standards, <mark class=\"has-inline-color\" style=\"background-color: rgba(0, 0, 0, 0); color: #157ec0;\"><strong>Euroreels<\/strong><\/mark> <strong>fuel hose reels<\/strong> are indispensable at fuel distribution points and in the field. They enable the organized storage of unused hoses, maintaining the station or distribution point\u2019s order and ensuring safe hose storage. This organization also enhances workplace efficiency.<\/p>\n<p><!-- \/wp:paragraph --><!-- wp:image {\"id\":3709,\"width\":\"350px\",\"height\":\"350px\",\"scale\":\"cover\",\"sizeSlug\":\"full\",\"linkDestination\":\"none\",\"align\":\"center\",\"className\":\"is-style-default has-lightbox\"} --><\/p>\n<figure class=\"wp-block-image aligncenter size-full is-resized is-style-default has-lightbox\"><img fetchpriority=\"high\" decoding=\"async\" class=\"alignnone wp-image-3709\" style=\"object-fit: cover; width: 350px; height: 350px;\" src=\"https:\/\/euroreels.com\/wp-content\/uploads\/2024\/05\/Akaryakit-Hortum-Tamburu-scaled.webp\" alt=\"fuel hose reel, fuel hose reels, diesel and gas hose reels, diesel and gas hose reel,1 inch fuel hose reel, diesel fuel hose reel, retractable fuel hose reel, Kraftstoffschlauchtrommel, Enrouleur de tuyau de carburant, Enrollador de manguera de combustible, \u0628\u0643\u0631\u0629 \u062e\u0631\u0637\u0648\u0645 \u0648\u0642\u0648\u062f, Bobin\u00eb p\u00ebr zorr\u00eb karburanti, Yanacaq \u015flanq baraban\u0131, \u10e1\u10d0\u10ec\u10d5\u10d0\u10d5\u10d8\u10e1 \u10e8\u10da\u10d0\u10dc\u10d2\u10d8\u10e1 \u10d1\u10d0\u10e0\u10d0\u10d1\u10d0\u10dc\u10d8, \u041c\u0430\u043a\u0430\u0440\u0435 \u0437\u0430 \u0433\u043e\u0440\u0438\u0432\u0435\u043d \u043c\u0430\u0440\u043a\u0443\u0447, Navij\u00e1k na palivovou hadici, Br\u00e6ndstofslangerulle, K\u00fctuse vooliku trummel\" width=\"2560\" height=\"2560\" srcset=\"https:\/\/euroreels.com\/en\/wp-content\/uploads\/2024\/05\/Akaryakit-Hortum-Tamburu-scaled.webp 2560w, https:\/\/euroreels.com\/en\/wp-content\/uploads\/2024\/05\/Akaryakit-Hortum-Tamburu-300x300.webp 300w, https:\/\/euroreels.com\/en\/wp-content\/uploads\/2024\/05\/Akaryakit-Hortum-Tamburu-1024x1024.webp 1024w, https:\/\/euroreels.com\/en\/wp-content\/uploads\/2024\/05\/Akaryakit-Hortum-Tamburu-150x150.webp 150w, https:\/\/euroreels.com\/en\/wp-content\/uploads\/2024\/05\/Akaryakit-Hortum-Tamburu-768x768.webp 768w, https:\/\/euroreels.com\/en\/wp-content\/uploads\/2024\/05\/Akaryakit-Hortum-Tamburu-1536x1536.webp 1536w, https:\/\/euroreels.com\/en\/wp-content\/uploads\/2024\/05\/Akaryakit-Hortum-Tamburu-2048x2048.webp 2048w\" sizes=\"(max-width: 2560px) 100vw, 2560px\" \/><\/figure>\n<p><!-- \/wp:image --><!-- wp:paragraph {\"className\":\"is-style-info\"} --><\/p>\n<p class=\"is-style-info\">Fuel hose reel is designed with a <b>latching feature<\/b>. The locking mechanism ensures that the spring tension in the reel is not transferred to the operator during use, allowing for comfortable operation.<\/p>\n<p><!-- \/wp:paragraph --><!-- wp:image {\"id\":3710,\"width\":\"350px\",\"height\":\"350px\",\"scale\":\"cover\",\"sizeSlug\":\"large\",\"linkDestination\":\"none\",\"align\":\"center\"} --><\/p>\n<figure class=\"wp-block-image aligncenter size-large is-resized\"><img decoding=\"async\" width=\"1024\" height=\"1024\" class=\"wp-image-3710\" style=\"object-fit: cover; width: 350px; height: 350px;\" src=\"https:\/\/euroreels.com\/wp-content\/uploads\/2024\/05\/Akaryakit-Hortum-Tamburu-3-1024x1024.webp\" alt=\"lpg reel, lpg reels, retractable fuel hose reels, diesel fuel hose reel retractable, diesel hose reel kits, diesel hose reel, diesel hose reels, fuel hose reel\" srcset=\"https:\/\/euroreels.com\/en\/wp-content\/uploads\/2024\/05\/Akaryakit-Hortum-Tamburu-3-1024x1024.webp 1024w, https:\/\/euroreels.com\/en\/wp-content\/uploads\/2024\/05\/Akaryakit-Hortum-Tamburu-3-300x300.webp 300w, https:\/\/euroreels.com\/en\/wp-content\/uploads\/2024\/05\/Akaryakit-Hortum-Tamburu-3-150x150.webp 150w, https:\/\/euroreels.com\/en\/wp-content\/uploads\/2024\/05\/Akaryakit-Hortum-Tamburu-3-768x768.webp 768w, https:\/\/euroreels.com\/en\/wp-content\/uploads\/2024\/05\/Akaryakit-Hortum-Tamburu-3-1536x1536.webp 1536w, https:\/\/euroreels.com\/en\/wp-content\/uploads\/2024\/05\/Akaryakit-Hortum-Tamburu-3-2048x2048.webp 2048w\" sizes=\"(max-width: 1024px) 100vw, 1024px\" \/><\/figure>\n<p><!-- \/wp:image --><!-- wp:paragraph {\"className\":\"is-style-info\"} --><\/p>\n<p class=\"is-style-info\">A simple pull and release disengages the locking mechanism, triggering the automatic rewinding of the hose.<\/p>\n<p><!-- \/wp:paragraph --><!-- wp:heading {\"style\":{\"elements\":{\"link\":{\"color\":{\"text\":\"var:preset|color|vivid-cyan-blue\"}}}},\"textColor\":\"vivid-cyan-blue\"} --><\/p>\n<h2 class=\"wp-block-heading has-vivid-cyan-blue-color has-text-color has-link-color\">Types of Reels Available<\/h2>\n<p><!-- \/wp:heading --><!-- wp:paragraph --><\/p>\n<p><mark class=\"has-inline-color\" style=\"background-color: rgba(0, 0, 0, 0); color: #157ec0;\"><strong>Euroreels<\/strong><\/mark> <strong>fuel hose reels<\/strong> are generally equipped with an automatic rewinding mechanism and are available in spring-driven or electric motor-driven options. Additionally, manual fuel hose reel is offered under the <strong>EuroReels guarantee.<\/strong><\/p>\n<p><!-- \/wp:paragraph --><!-- wp:paragraph --><\/p>\n<p>Once the fuel transfer is complete, the reel automatically rewinds the hose, which can be released by the user, with the aid of the spring or motor. This provides:<\/p>\n<p><!-- \/wp:paragraph --><!-- wp:list --><\/p>\n<ul>\n<li style=\"list-style-type: none;\">\n<ul><!-- wp:list-item --><\/ul>\n<\/li>\n<\/ul>\n<p>\u00a0<\/p>\n<ul>\n<li style=\"list-style-type: none;\">\n<ul>\n<li>Practicality for the user.<\/li>\n<\/ul>\n<\/li>\n<\/ul>\n<p><!-- \/wp:list-item --><!-- wp:list-item --><\/p>\n<ul>\n<li style=\"list-style-type: none;\">\n<ul>\n<li>Organized storage of the fuel hose.<\/li>\n<\/ul>\n<\/li>\n<\/ul>\n<p><!-- \/wp:list-item --><!-- wp:list-item --><\/p>\n<ul>\n<li style=\"list-style-type: none;\">\n<ul>\n<li>Prevention of potential hazards.<\/li>\n<\/ul>\n<\/li>\n<\/ul>\n<p><!-- \/wp:list-item --><!-- wp:list-item --><\/p>\n<ul>\n<li style=\"list-style-type: none;\">\n<ul>\n<li>Elimination of hose crushing risks, save additional costs.<\/li>\n<\/ul>\n<\/li>\n<\/ul>\n<p><!-- \/wp:list-item --><\/p>\n<p><!-- \/wp:list --><!-- wp:paragraph {\"style\":{\"elements\":{\"link\":{\"color\":{\"text\":\"var:preset|color|black\"}}}},\"textColor\":\"black\"} --><\/p>\n<p class=\"has-black-color has-text-color has-link-color\">Fuel hose reel not only maintain workplace order but also enhance safety standards. Properly wound hoses help prevent potential fires or accidents, ensuring a professional and safe appearance at the workplace.<strong> Consequently, hose reels are critical equipment used at fuel distribution points and represent a significant investment for businesses.<\/strong><\/p>\n<p><!-- \/wp:paragraph --><!-- wp:paragraph --><\/p>\n<p>Not the reel you are looking for? Check our<strong>\u00a0<a href=\"https:\/\/euroreels.com\/en\/products\/\" target=\"_blank\" rel=\"noreferrer noopener\">products\u00a0<\/a><\/strong>for more options<\/p>\n<p><!-- \/wp:paragraph --><!-- wp:heading {\"level\":3,\"style\":{\"elements\":{\"link\":{\"color\":{\"text\":\"var:preset|color|vivid-cyan-blue\"}}}},\"textColor\":\"vivid-cyan-blue\"} --><\/p>\n<h3 class=\"wp-block-heading has-vivid-cyan-blue-color has-text-color has-link-color\">Where is Fuel Hose Reel Used for?<\/h3>\n<p><!-- \/wp:heading --><!-- wp:list --><\/p>\n<ul>\n<li style=\"list-style-type: none;\">\n<ul><!-- wp:list-item --><\/ul>\n<\/li>\n<\/ul>\n<p>\u00a0<\/p>\n<ul>\n<li style=\"list-style-type: none;\">\n<ul>\n<li><strong>Fuel Stations:<\/strong> Used to transfer fuel to vehicles, the fuel hose reel extends from the pump to the vehicle, providing ease of use and organized hose storage.<\/li>\n<\/ul>\n<\/li>\n<\/ul>\n<p><!-- \/wp:list-item --><!-- wp:list-item --><\/p>\n<ul>\n<li style=\"list-style-type: none;\">\n<ul>\n<li><strong>Transport Vehicles and Equipment:<\/strong> Trucks, buses, and other transport vehicles use fuel hose reels for refueling from their tank systems or during transport operations.<\/li>\n<\/ul>\n<\/li>\n<\/ul>\n<p><!-- \/wp:list-item --><!-- wp:list-item --><\/p>\n<ul>\n<li style=\"list-style-type: none;\">\n<ul>\n<li><strong>Agricultural and Construction Sites:<\/strong> Agricultural machinery, construction vehicles, and other mobile equipment use fuel hose reels for refueling on-site.<\/li>\n<\/ul>\n<\/li>\n<\/ul>\n<p><!-- \/wp:list-item --><!-- wp:list-item --><\/p>\n<ul>\n<li style=\"list-style-type: none;\">\n<ul>\n<li><strong>Storage Tanks:<\/strong> Large-scale fuel storage tanks, as well as ship and aircraft fuel storage systems, utilize fuel hose reels.<\/li>\n<\/ul>\n<\/li>\n<\/ul>\n<p><!-- \/wp:list-item --><!-- wp:list-item --><\/p>\n<ul>\n<li style=\"list-style-type: none;\">\n<ul>\n<li><strong>Airports:<\/strong> Fuel hose reel is used for refueling operations.<\/li>\n<\/ul>\n<\/li>\n<\/ul>\n<p><!-- \/wp:list-item --><!-- wp:list-item --><\/p>\n<ul>\n<li style=\"list-style-type: none;\">\n<ul>\n<li><strong>Military Vehicles:<\/strong> Used for refueling on difficult environments<\/li>\n<\/ul>\n<\/li>\n<\/ul>\n<p><!-- \/wp:list-item --><\/p>\n<p><!-- \/wp:list --><!-- wp:paragraph --><\/p>\n<p>These areas represent typical uses of hose reels, but applications can vary based on specific needs and requirements. It is important to carefully <strong>review the technical specifications and safety requirements<\/strong> of a hose reel before use.<\/p>\n<p><!-- \/wp:paragraph --><!-- wp:heading {\"level\":3,\"style\":{\"color\":{\"text\":\"#137ec5\"},\"elements\":{\"link\":{\"color\":{\"text\":\"#137ec5\"}}}}} --><\/p>\n<h3 class=\"wp-block-heading has-text-color has-link-color\" style=\"color: #137ec5;\"><strong>Technical Specifications of Fuel Hose Reel<\/strong><\/h3>\n<p><!-- \/wp:heading --><!-- wp:table {\"style\":{\"color\":{\"text\":\"#157ec0\"},\"elements\":{\"link\":{\"color\":{\"text\":\"#157ec0\"}}}}} --><\/p>\n<figure class=\"wp-block-table\">\n<table class=\"has-text-color has-link-color\" style=\"color: #157ec0;\">\n<thead>\n<tr>\n<th>Feature<\/th>\n<th>Specifications<\/th>\n<\/tr>\n<\/thead>\n<tbody>\n<tr>\n<td><strong>Length<\/strong><\/td>\n<td><strong>100 m (Spring) &#8211; 1000 m (Electric Motor)<\/strong><\/td>\n<\/tr>\n<tr>\n<td><strong>Working Pressure (bar)<\/strong><\/td>\n<td><strong>Up to 25 bar<\/strong><\/td>\n<\/tr>\n<tr>\n<td><strong>Working Temperature (\u00b0C)<\/strong><\/td>\n<td><strong>-30\u00b0C to +85\u00b0C<\/strong><\/td>\n<\/tr>\n<tr>\n<td><strong>Frame Material<\/strong><\/td>\n<td><strong>S235JR (ST-37) (Standard) \/ SS304-SS316 (Optional)<\/strong><\/td>\n<\/tr>\n<tr>\n<td><strong>Shaft Material<\/strong><\/td>\n<td><strong>SS303 (Standard) \/ SS304-SS316 (Optional)<\/strong><\/td>\n<\/tr>\n<tr>\n<td><strong>Swivel Material<\/strong><\/td>\n<td><strong>CuzN37 (Brass)<\/strong><\/td>\n<\/tr>\n<tr>\n<td><strong>Flow Path Feature<\/strong><\/td>\n<td><strong>Fully stainless<\/strong><\/td>\n<\/tr>\n<tr>\n<td><strong>Automatic Sequential Rewind<\/strong><\/td>\n<td><strong>Optional after 30 meters<\/strong><\/td>\n<\/tr>\n<tr>\n<td><strong>Hose Outlet Direction<\/strong><\/td>\n<td><strong>Adjustable (depending on the model)<\/strong><\/td>\n<\/tr>\n<tr>\n<td><strong>Color Options<\/strong><\/td>\n<td><strong>RAL5015 (Standard) &#8211; Optional Color Options<\/strong><\/td>\n<\/tr>\n<\/tbody>\n<\/table>\n<figcaption class=\"wp-element-caption\">For more detailed information, please feel free to<strong>\u00a0<a href=\"https:\/\/euroreels.com\/en\/contact\/\" target=\"_blank\" rel=\"noreferrer noopener\">contact<\/a><\/strong><a href=\"https:\/\/euroreels.com\/en\/contact\/\">\u00a0<\/a>us.<\/figcaption>\n<\/figure>\n<p><!-- \/wp:table --><!-- wp:image {\"id\":3711,\"width\":\"350px\",\"height\":\"auto\",\"scale\":\"cover\",\"sizeSlug\":\"large\",\"linkDestination\":\"none\",\"align\":\"center\"} --><\/p>\n<figure class=\"wp-block-image aligncenter size-large is-resized\"><img decoding=\"async\" class=\"alignnone wp-image-3711\" style=\"object-fit: cover; width: 350px; height: auto;\" src=\"https:\/\/euroreels.com\/wp-content\/uploads\/2024\/05\/Akaryakit-Hortum-Tamburu-2-1024x1024.webp\" alt=\"gasoline hose reel, gasoline hose reels, auto rewind hose reel, gas station hose reel, gas station hose reels, dubai hose reel, qatar hose reel, 50ft hose reel, 30m hose reel, \u0642\u0631\u0642\u0631\u0647 \u0634\u0644\u0646\u06af \u0633\u0648\u062e\u062a, Polttoainelaatakelat, Brandstofslanghaspel, Kolotura za crijevo za gorivo, \u05ea\u05d5\u05e3 \u05dc\u05e6\u05d9\u05e0\u05d5\u05e8 \u05d3\u05dc\u05e7, Br\u00e4nsleslangvinda, Avvolgitubo per carburante, \u71c3\u6599\u30db\u30fc\u30b9\u30ea\u30fc\u30eb, \u0416\u0430\u043d\u0430\u0440\u043c\u0430\u0439 \u0448\u043b\u0430\u043d\u0433\u0456\u043d\u0435 \u0430\u0440\u043d\u0430\u043b\u0493\u0430\u043d \u0431\u0430\u0440\u0430\u0431\u0430\u043d, \u041e\u0442\u0443\u043d \u0448\u043b\u0430\u043d\u0433\u044b\u043d\u044b\u043d \u0431\u0430\u0440\u0430\u0431\u0430\u043d\u044b, \uc5f0\ub8cc \ud638\uc2a4 \ub9b4\" width=\"1024\" height=\"1024\" srcset=\"https:\/\/euroreels.com\/en\/wp-content\/uploads\/2024\/05\/Akaryakit-Hortum-Tamburu-2-1024x1024.webp 1024w, https:\/\/euroreels.com\/en\/wp-content\/uploads\/2024\/05\/Akaryakit-Hortum-Tamburu-2-300x300.webp 300w, https:\/\/euroreels.com\/en\/wp-content\/uploads\/2024\/05\/Akaryakit-Hortum-Tamburu-2-150x150.webp 150w, https:\/\/euroreels.com\/en\/wp-content\/uploads\/2024\/05\/Akaryakit-Hortum-Tamburu-2-768x768.webp 768w, https:\/\/euroreels.com\/en\/wp-content\/uploads\/2024\/05\/Akaryakit-Hortum-Tamburu-2-1536x1536.webp 1536w, https:\/\/euroreels.com\/en\/wp-content\/uploads\/2024\/05\/Akaryakit-Hortum-Tamburu-2-2048x2048.webp 2048w\" sizes=\"(max-width: 1024px) 100vw, 1024px\" \/><\/figure>\n<p><!-- \/wp:image --><!-- wp:heading {\"level\":3,\"style\":{\"color\":{\"text\":\"#137ec5\"},\"elements\":{\"link\":{\"color\":{\"text\":\"#137ec5\"}}}}} --><\/p>\n<h3 class=\"wp-block-heading has-text-color has-link-color\" style=\"color: #137ec5;\"><strong>Why To Use Fuel Hose Reel?<\/strong><\/h3>\n<p><!-- \/wp:heading --><!-- wp:paragraph --><\/p>\n<p><strong><mark class=\"has-inline-color\" style=\"background-color: rgba(0, 0, 0, 0); color: #157ec0;\">Fuel hose reels<\/mark> <\/strong>offer several advantages. They are used to make fuel transfer and storage processes more efficient, safe, and organized. Here are some reasons to use <mark class=\"has-inline-color\" style=\"background-color: rgba(0, 0, 0, 0); color: #157ec0;\"><strong>Euroreels<\/strong><\/mark> fuel hose reel:<\/p>\n<p><!-- \/wp:paragraph --><!-- wp:list {\"ordered\":true} --><\/p>\n<ol>\n<li style=\"list-style-type: none;\">\n<ol><!-- wp:list-item --><\/ol>\n<\/li>\n<\/ol>\n<p>\u00a0<\/p>\n<ol>\n<li style=\"list-style-type: none;\">\n<ol>\n<li><strong>Order and Cleanliness:<\/strong> Fuel hose reel store hoses in an organized manner, preventing unwanted leaks and tangles.<\/li>\n<\/ol>\n<\/li>\n<\/ol>\n<p><!-- \/wp:list-item --><!-- wp:list-item --><\/p>\n<ol>\n<li style=\"list-style-type: none;\">\n<ol>\n<li><strong>Portability and Ease of Use:<\/strong> A hose wound on a reel is portable and easy to use, facilitating controlled and orderly fuel transfer.<\/li>\n<\/ol>\n<\/li>\n<\/ol>\n<p><!-- \/wp:list-item --><!-- wp:list-item --><\/p>\n<ol>\n<li style=\"list-style-type: none;\">\n<ol>\n<li><strong>Safety:<\/strong> Designed to store and protect hoses securely, fuel hose reel make the hoses resistant to environmental factors, impacts, and other potential hazards, ensuring safe fuel transfer.<\/li>\n<\/ol>\n<\/li>\n<\/ol>\n<p><!-- \/wp:list-item --><!-- wp:list-item --><\/p>\n<ol>\n<li style=\"list-style-type: none;\">\n<ol>\n<li><strong>Durability and Longevity:<\/strong> Manufactured without compromising on quality, our fuel hose reels are made entirely of steel, except for the necessary plastic parts, ensuring the product&#8217;s longevity.<\/li>\n<\/ol>\n<\/li>\n<\/ol>\n<p><!-- \/wp:list-item --><!-- wp:list-item --><\/p>\n<ol>\n<li style=\"list-style-type: none;\">\n<ol>\n<li><strong>Professional Appearance:<\/strong> Fuel hose reels provide a professional look to the workplace. Properly wound hoses contribute to the overall organization of the facility.<\/li>\n<\/ol>\n<\/li>\n<\/ol>\n<p><!-- \/wp:list-item --><\/p>\n<p><!-- \/wp:list --><\/p>\t\t\t\t\t\t\t\t<\/div>\n\t\t\t\t<\/div>\n\t\t\t\t<div class=\"elementor-element elementor-element-c39ef83 elementor-arrows-position-inside elementor-pagination-position-outside elementor-widget elementor-widget-image-carousel\" data-id=\"c39ef83\" data-element_type=\"widget\" data-e-type=\"widget\" data-settings=\"{&quot;slides_to_show&quot;:&quot;4&quot;,&quot;navigation&quot;:&quot;both&quot;,&quot;autoplay&quot;:&quot;yes&quot;,&quot;pause_on_hover&quot;:&quot;yes&quot;,&quot;pause_on_interaction&quot;:&quot;yes&quot;,&quot;autoplay_speed&quot;:5000,&quot;infinite&quot;:&quot;yes&quot;,&quot;speed&quot;:500}\" data-widget_type=\"image-carousel.default\">\n\t\t\t\t<div class=\"elementor-widget-container\">\n\t\t\t\t\t\t\t<div class=\"elementor-image-carousel-wrapper swiper\" role=\"region\" aria-roledescription=\"carousel\" aria-label=\"Image Carousel\" dir=\"ltr\">\n\t\t\t<div class=\"elementor-image-carousel swiper-wrapper\" aria-live=\"off\">\n\t\t\t\t\t\t\t\t<div class=\"swiper-slide\" role=\"group\" aria-roledescription=\"slide\" aria-label=\"1 of 3\"><figure class=\"swiper-slide-inner\"><img decoding=\"async\" class=\"swiper-slide-image\" src=\"https:\/\/euroreels.com\/en\/wp-content\/uploads\/2025\/04\/Akaryakit-Hortum-Tamburu-3-350x350-1-300x300.png\" alt=\"Compact retractable fuel hose reel for efficient industrial and vehicle applications \u2013 Euroreels\" \/><\/figure><\/div><div class=\"swiper-slide\" role=\"group\" aria-roledescription=\"slide\" aria-label=\"2 of 3\"><figure class=\"swiper-slide-inner\"><img decoding=\"async\" class=\"swiper-slide-image\" src=\"https:\/\/euroreels.com\/en\/wp-content\/uploads\/2025\/04\/GTE-H-1.2-10-350x350-1-300x300.png\" alt=\"Heavy-duty retractable fuel hose reel for industrial and vehicle-mounted use \u2013 Euroreels\" \/><\/figure><\/div><div class=\"swiper-slide\" role=\"group\" aria-roledescription=\"slide\" aria-label=\"3 of 3\"><figure class=\"swiper-slide-inner\"><img decoding=\"async\" class=\"swiper-slide-image\" src=\"https:\/\/euroreels.com\/en\/wp-content\/uploads\/2025\/04\/1-350x350-2-300x300.png\" alt=\"Retractable fuel hose reel for vehicle-mounted and industrial applications \u2013 Euroreels\" \/><\/figure><\/div>\t\t\t<\/div>\n\t\t\t\t\t\t\t\t\t\t\t\t<div class=\"elementor-swiper-button elementor-swiper-button-prev\" role=\"button\" tabindex=\"0\">\n\t\t\t\t\t\t<svg aria-hidden=\"true\" class=\"e-font-icon-svg e-eicon-chevron-left\" viewBox=\"0 0 1000 1000\" xmlns=\"http:\/\/www.w3.org\/2000\/svg\"><path d=\"M646 125C629 125 613 133 604 142L308 442C296 454 292 471 292 487 292 504 296 521 308 533L604 854C617 867 629 875 646 875 663 875 679 871 692 858 704 846 713 829 713 812 713 796 708 779 692 767L438 487 692 225C700 217 708 204 708 187 708 171 704 154 692 142 675 129 663 125 646 125Z\"><\/path><\/svg>\t\t\t\t\t<\/div>\n\t\t\t\t\t<div class=\"elementor-swiper-button elementor-swiper-button-next\" role=\"button\" tabindex=\"0\">\n\t\t\t\t\t\t<svg aria-hidden=\"true\" class=\"e-font-icon-svg e-eicon-chevron-right\" viewBox=\"0 0 1000 1000\" xmlns=\"http:\/\/www.w3.org\/2000\/svg\"><path d=\"M696 533C708 521 713 504 713 487 713 471 708 454 696 446L400 146C388 133 375 125 354 125 338 125 325 129 313 142 300 154 292 171 292 187 292 204 296 221 308 233L563 492 304 771C292 783 288 800 288 817 288 833 296 850 308 863 321 871 338 875 354 875 371 875 388 867 400 854L696 533Z\"><\/path><\/svg>\t\t\t\t\t<\/div>\n\t\t\t\t\n\t\t\t\t\t\t\t\t\t<div class=\"swiper-pagination\"><\/div>\n\t\t\t\t\t\t\t\t\t<\/div>\n\t\t\t\t\t\t<\/div>\n\t\t\t\t<\/div>\n\t\t\t\t\t<\/div>\n\t\t\t\t<\/div>\n\t\t\t\t<\/div>\n\t\t","protected":false},"excerpt":{"rendered":"<p>What is a Fuel Hose Reel? Fuel hose reels are industrial devices used in fuel transfer operations that automatically rewinds the fuel hoses, allowing the hose on the reel to move while the supply hose remains fixed at the reel&#8217;s inlet. Manufactured to specific standards, Euroreels fuel hose reels are indispensable at fuel distribution points [&hellip;]<\/p>\n","protected":false},"author":1,"featured_media":4941,"parent":0,"menu_order":0,"comment_status":"closed","ping_status":"closed","template":"","meta":{"footnotes":""},"class_list":["post-2547","page","type-page","status-publish","has-post-thumbnail","hentry"],"aioseo_notices":[],"_links":{"self":[{"href":"https:\/\/euroreels.com\/en\/wp-json\/wp\/v2\/pages\/2547","targetHints":{"allow":["GET"]}}],"collection":[{"href":"https:\/\/euroreels.com\/en\/wp-json\/wp\/v2\/pages"}],"about":[{"href":"https:\/\/euroreels.com\/en\/wp-json\/wp\/v2\/types\/page"}],"author":[{"embeddable":true,"href":"https:\/\/euroreels.com\/en\/wp-json\/wp\/v2\/users\/1"}],"replies":[{"embeddable":true,"href":"https:\/\/euroreels.com\/en\/wp-json\/wp\/v2\/comments?post=2547"}],"version-history":[{"count":14,"href":"https:\/\/euroreels.com\/en\/wp-json\/wp\/v2\/pages\/2547\/revisions"}],"predecessor-version":[{"id":5539,"href":"https:\/\/euroreels.com\/en\/wp-json\/wp\/v2\/pages\/2547\/revisions\/5539"}],"wp:featuredmedia":[{"embeddable":true,"href":"https:\/\/euroreels.com\/en\/wp-json\/wp\/v2\/media\/4941"}],"wp:attachment":[{"href":"https:\/\/euroreels.com\/en\/wp-json\/wp\/v2\/media?parent=2547"}],"curies":[{"name":"wp","href":"https:\/\/api.w.org\/{rel}","templated":true}]}}