{"id":1833,"date":"2024-01-12T18:45:07","date_gmt":"2024-01-12T18:45:07","guid":{"rendered":"https:\/\/euroreels.com\/?page_id=1833"},"modified":"2025-04-17T15:48:37","modified_gmt":"2025-04-17T12:48:37","slug":"uber-uns","status":"publish","type":"page","link":"https:\/\/euroreels.com\/de\/uber-uns\/","title":{"rendered":"Uber Uns"},"content":{"rendered":"\t\t<div data-elementor-type=\"wp-page\" data-elementor-id=\"1833\" class=\"elementor elementor-1833\">\n\t\t\t\t<div class=\"elementor-element elementor-element-afe5b99 e-flex e-con-boxed wpr-particle-no wpr-jarallax-no wpr-parallax-no wpr-sticky-section-no wpr-equal-height-no e-con e-parent\" data-id=\"afe5b99\" data-element_type=\"container\" data-e-type=\"container\" data-settings=\"{&quot;background_background&quot;:&quot;classic&quot;}\">\n\t\t\t\t\t<div class=\"e-con-inner\">\n\t\t\t\t<div class=\"elementor-element elementor-element-c5d6c7b elementor-widget elementor-widget-heading\" data-id=\"c5d6c7b\" data-element_type=\"widget\" data-e-type=\"widget\" data-widget_type=\"heading.default\">\n\t\t\t\t<div class=\"elementor-widget-container\">\n\t\t\t\t\t<h1 class=\"elementor-heading-title elementor-size-default\">\u00dcber Euroreels<\/h1>\t\t\t\t<\/div>\n\t\t\t\t<\/div>\n\t\t<div class=\"elementor-element elementor-element-be3e41a e-con-full e-flex wpr-particle-no wpr-jarallax-no wpr-parallax-no wpr-sticky-section-no wpr-equal-height-no e-con e-child\" data-id=\"be3e41a\" data-element_type=\"container\" data-e-type=\"container\">\n\t\t\t\t<div class=\"elementor-element elementor-element-897c49e elementor-widget elementor-widget-heading\" data-id=\"897c49e\" data-element_type=\"widget\" data-e-type=\"widget\" data-widget_type=\"heading.default\">\n\t\t\t\t<div class=\"elementor-widget-container\">\n\t\t\t\t\t<p class=\"elementor-heading-title elementor-size-default\"><a href=\"https:\/\/euroreels.com\/de\/\">Startseite &gt;<\/a><\/p>\t\t\t\t<\/div>\n\t\t\t\t<\/div>\n\t\t\t\t<div class=\"elementor-element elementor-element-c0d411e elementor-widget elementor-widget-wpr-post-title\" data-id=\"c0d411e\" data-element_type=\"widget\" data-e-type=\"widget\" data-widget_type=\"wpr-post-title.default\">\n\t\t\t\t<div class=\"elementor-widget-container\">\n\t\t\t\t\t<P class=\"wpr-post-title\">Uber Uns<\/P>\t\t\t\t<\/div>\n\t\t\t\t<\/div>\n\t\t\t\t<\/div>\n\t\t\t\t\t<\/div>\n\t\t\t\t<\/div>\n\t\t<div class=\"elementor-element elementor-element-c4117cb e-flex e-con-boxed wpr-particle-no wpr-jarallax-no wpr-parallax-no wpr-sticky-section-no wpr-equal-height-no e-con e-parent\" data-id=\"c4117cb\" data-element_type=\"container\" data-e-type=\"container\">\n\t\t\t\t\t<div class=\"e-con-inner\">\n\t\t<div class=\"elementor-element elementor-element-7352e93 e-con-full e-flex wpr-particle-no wpr-jarallax-no wpr-parallax-no wpr-sticky-section-no wpr-equal-height-no e-con e-child\" data-id=\"7352e93\" data-element_type=\"container\" data-e-type=\"container\">\n\t\t\t\t<div class=\"elementor-element elementor-element-1c0b522 elementor-widget elementor-widget-image\" data-id=\"1c0b522\" data-element_type=\"widget\" data-e-type=\"widget\" data-widget_type=\"image.default\">\n\t\t\t\t<div class=\"elementor-widget-container\">\n\t\t\t\t\t\t\t\t\t\t\t\t\t\t\t<img fetchpriority=\"high\" decoding=\"async\" width=\"657\" height=\"364\" src=\"https:\/\/euroreels.com\/de\/wp-content\/uploads\/2024\/05\/Euroreels-Banner-Hakkimizda.jpg\" class=\"attachment-large size-large wp-image-3624\" alt=\"Euroreels Hakk\u0131m\u0131zda\" srcset=\"https:\/\/euroreels.com\/de\/wp-content\/uploads\/2024\/05\/Euroreels-Banner-Hakkimizda.jpg 657w, https:\/\/euroreels.com\/de\/wp-content\/uploads\/2024\/05\/Euroreels-Banner-Hakkimizda-300x166.jpg 300w\" sizes=\"(max-width: 657px) 100vw, 657px\" \/>\t\t\t\t\t\t\t\t\t\t\t\t\t\t\t<\/div>\n\t\t\t\t<\/div>\n\t\t\t\t<\/div>\n\t\t<div class=\"elementor-element elementor-element-986ec93 e-con-full e-flex wpr-particle-no wpr-jarallax-no wpr-parallax-no wpr-sticky-section-no wpr-equal-height-no e-con e-child\" data-id=\"986ec93\" data-element_type=\"container\" data-e-type=\"container\">\n\t\t\t\t<div class=\"elementor-element elementor-element-c3b135c elementor-widget elementor-widget-image\" data-id=\"c3b135c\" data-element_type=\"widget\" data-e-type=\"widget\" data-widget_type=\"image.default\">\n\t\t\t\t<div class=\"elementor-widget-container\">\n\t\t\t\t\t\t\t\t\t\t\t\t\t\t\t<img decoding=\"async\" width=\"800\" height=\"473\" src=\"https:\/\/euroreels.com\/de\/wp-content\/uploads\/2024\/02\/IMG-20240126-WA0002-1024x605.jpg\" class=\"attachment-large size-large wp-image-2680\" alt=\"\" srcset=\"https:\/\/euroreels.com\/de\/wp-content\/uploads\/2024\/02\/IMG-20240126-WA0002-1024x605.jpg 1024w, https:\/\/euroreels.com\/de\/wp-content\/uploads\/2024\/02\/IMG-20240126-WA0002-300x177.jpg 300w, https:\/\/euroreels.com\/de\/wp-content\/uploads\/2024\/02\/IMG-20240126-WA0002-768x454.jpg 768w, https:\/\/euroreels.com\/de\/wp-content\/uploads\/2024\/02\/IMG-20240126-WA0002.jpg 1436w\" sizes=\"(max-width: 800px) 100vw, 800px\" \/>\t\t\t\t\t\t\t\t\t\t\t\t\t\t\t<\/div>\n\t\t\t\t<\/div>\n\t\t\t\t<\/div>\n\t\t\t\t\t<\/div>\n\t\t\t\t<\/div>\n\t\t<div class=\"elementor-element elementor-element-0b134e9 e-flex e-con-boxed wpr-particle-no wpr-jarallax-no wpr-parallax-no wpr-sticky-section-no wpr-equal-height-no e-con e-parent\" data-id=\"0b134e9\" data-element_type=\"container\" data-e-type=\"container\">\n\t\t\t\t\t<div class=\"e-con-inner\">\n\t\t\t\t<div class=\"elementor-element elementor-element-6a0ef2f elementor-widget elementor-widget-text-editor\" data-id=\"6a0ef2f\" data-element_type=\"widget\" data-e-type=\"widget\" data-widget_type=\"text-editor.default\">\n\t\t\t\t<div class=\"elementor-widget-container\">\n\t\t\t\t\t\t\t\t\t<p>Euroreels nahm 2023 seinen Betrieb auf und hat sich zu einem Pionierunternehmen auf seinem Gebiet entwickelt, indem es seine Branchenerfahrung mit Ingenieurdienstleistungen kombiniert, um hochwertige, robuste und langlebige Schlauch- und Kabelaufroller herzustellen, die sowohl f\u00fcr die Standard- als auch f\u00fcr die Sonderanforderungen unserer Kunden geeignet sind. Seit unserer Gr\u00fcndung ist es uns gelungen, mit unseren innovativen Ans\u00e4tzen und unserem kundenorientierten Serviceansatz einen Unterschied in der Branche zu machen. Wir sind stolz darauf, mit unseren langlebigen Produkten und unserem erstklassigen Serviceansatz zu den zuverl\u00e4ssigen Unternehmen der Branche zu geh\u00f6ren.<\/p>\t\t\t\t\t\t\t\t<\/div>\n\t\t\t\t<\/div>\n\t\t\t\t\t<\/div>\n\t\t\t\t<\/div>\n\t\t<div class=\"elementor-element elementor-element-8aa93f3 e-flex e-con-boxed wpr-particle-no wpr-jarallax-no wpr-parallax-no wpr-sticky-section-no wpr-equal-height-no e-con e-parent\" data-id=\"8aa93f3\" data-element_type=\"container\" data-e-type=\"container\">\n\t\t\t\t\t<div class=\"e-con-inner\">\n\t\t\t\t<div class=\"elementor-element elementor-element-8d0622f elementor-widget__width-initial elementor-widget-mobile__width-initial elementor-widget elementor-widget-image\" data-id=\"8d0622f\" data-element_type=\"widget\" data-e-type=\"widget\" data-widget_type=\"image.default\">\n\t\t\t\t<div class=\"elementor-widget-container\">\n\t\t\t\t\t\t\t\t\t\t\t\t\t\t\t\t<a href=\"https:\/\/euroreels.com\/wp-content\/uploads\/2024\/07\/9001.jpg\" data-elementor-open-lightbox=\"yes\" data-elementor-lightbox-title=\"9001\" data-e-action-hash=\"#elementor-action%3Aaction%3Dlightbox%26settings%3DeyJpZCI6NDA5NiwidXJsIjoiaHR0cHM6XC9cL2V1cm9yZWVscy5jb21cL2RlXC93cC1jb250ZW50XC91cGxvYWRzXC8yMDI0XC8wN1wvOTAwMS5qcGcifQ%3D%3D\">\n\t\t\t\t\t\t\t<img decoding=\"async\" width=\"345\" height=\"486\" src=\"https:\/\/euroreels.com\/de\/wp-content\/uploads\/2024\/07\/9001.jpg\" class=\"attachment-large size-large wp-image-4096\" alt=\"\" srcset=\"https:\/\/euroreels.com\/de\/wp-content\/uploads\/2024\/07\/9001.jpg 345w, https:\/\/euroreels.com\/de\/wp-content\/uploads\/2024\/07\/9001-213x300.jpg 213w\" sizes=\"(max-width: 345px) 100vw, 345px\" \/>\t\t\t\t\t\t\t\t<\/a>\n\t\t\t\t\t\t\t\t\t\t\t\t\t\t\t<\/div>\n\t\t\t\t<\/div>\n\t\t\t\t<div class=\"elementor-element elementor-element-5aadf4b elementor-widget__width-initial elementor-widget-mobile__width-initial elementor-widget elementor-widget-image\" data-id=\"5aadf4b\" data-element_type=\"widget\" data-e-type=\"widget\" data-widget_type=\"image.default\">\n\t\t\t\t<div class=\"elementor-widget-container\">\n\t\t\t\t\t\t\t\t\t\t\t\t\t\t\t\t<a href=\"https:\/\/euroreels.com\/wp-content\/uploads\/2024\/07\/14001.jpg\" data-elementor-open-lightbox=\"yes\" data-elementor-lightbox-title=\"14001\" data-e-action-hash=\"#elementor-action%3Aaction%3Dlightbox%26settings%3DeyJpZCI6NDA5NywidXJsIjoiaHR0cHM6XC9cL2V1cm9yZWVscy5jb21cL2RlXC93cC1jb250ZW50XC91cGxvYWRzXC8yMDI0XC8wN1wvMTQwMDEuanBnIn0%3D\">\n\t\t\t\t\t\t\t<img loading=\"lazy\" decoding=\"async\" width=\"342\" height=\"485\" src=\"https:\/\/euroreels.com\/de\/wp-content\/uploads\/2024\/07\/14001.jpg\" class=\"attachment-large size-large wp-image-4097\" alt=\"\" srcset=\"https:\/\/euroreels.com\/de\/wp-content\/uploads\/2024\/07\/14001.jpg 342w, https:\/\/euroreels.com\/de\/wp-content\/uploads\/2024\/07\/14001-212x300.jpg 212w\" sizes=\"(max-width: 342px) 100vw, 342px\" \/>\t\t\t\t\t\t\t\t<\/a>\n\t\t\t\t\t\t\t\t\t\t\t\t\t\t\t<\/div>\n\t\t\t\t<\/div>\n\t\t\t\t<div class=\"elementor-element elementor-element-c9e3d63 elementor-widget__width-initial elementor-widget-mobile__width-initial elementor-widget elementor-widget-image\" data-id=\"c9e3d63\" data-element_type=\"widget\" data-e-type=\"widget\" data-widget_type=\"image.default\">\n\t\t\t\t<div class=\"elementor-widget-container\">\n\t\t\t\t\t\t\t\t\t\t\t\t\t\t\t\t<a href=\"https:\/\/euroreels.com\/wp-content\/uploads\/2024\/07\/45001.jpg\" data-elementor-open-lightbox=\"yes\" data-elementor-lightbox-title=\"45001\" data-e-action-hash=\"#elementor-action%3Aaction%3Dlightbox%26settings%3DeyJpZCI6NDA5OCwidXJsIjoiaHR0cHM6XC9cL2V1cm9yZWVscy5jb21cL2RlXC93cC1jb250ZW50XC91cGxvYWRzXC8yMDI0XC8wN1wvNDUwMDEuanBnIn0%3D\">\n\t\t\t\t\t\t\t<img loading=\"lazy\" decoding=\"async\" width=\"344\" height=\"494\" src=\"https:\/\/euroreels.com\/de\/wp-content\/uploads\/2024\/07\/45001.jpg\" class=\"attachment-large size-large wp-image-4098\" alt=\"\" srcset=\"https:\/\/euroreels.com\/de\/wp-content\/uploads\/2024\/07\/45001.jpg 344w, https:\/\/euroreels.com\/de\/wp-content\/uploads\/2024\/07\/45001-209x300.jpg 209w\" sizes=\"(max-width: 344px) 100vw, 344px\" \/>\t\t\t\t\t\t\t\t<\/a>\n\t\t\t\t\t\t\t\t\t\t\t\t\t\t\t<\/div>\n\t\t\t\t<\/div>\n\t\t\t\t\t<\/div>\n\t\t\t\t<\/div>\n\t\t<div class=\"elementor-element elementor-element-1113316 e-flex e-con-boxed wpr-particle-no wpr-jarallax-no wpr-parallax-no wpr-sticky-section-no wpr-equal-height-no e-con e-parent\" data-id=\"1113316\" data-element_type=\"container\" data-e-type=\"container\">\n\t\t\t\t\t<div class=\"e-con-inner\">\n\t\t\t\t<div class=\"elementor-element elementor-element-f8827f2 elementor-widget elementor-widget-text-editor\" data-id=\"f8827f2\" data-element_type=\"widget\" data-e-type=\"widget\" data-widget_type=\"text-editor.default\">\n\t\t\t\t<div class=\"elementor-widget-container\">\n\t\t\t\t\t\t\t\t\t<h3 data-start=\"49\" data-end=\"82\"><strong data-start=\"49\" data-end=\"82\">Produkte und Dienstleistungen<\/strong><\/h3><p class=\"\" data-start=\"84\" data-end=\"538\">Euroreels stellt hochwertige Schlauch- und Kabeltrommeln f\u00fcr verschiedene industrielle Anwendungen her. Unser Produktsortiment bietet eine breite Vielfalt, um den Anforderungen unterschiedlichster Branchen gerecht zu werden. Jedes unserer Produkte ist f\u00fcr seine Robustheit, Langlebigkeit und zuverl\u00e4ssige Leistung bekannt. Durch ma\u00dfgeschneiderte L\u00f6sungen und Projekte entwickeln wir Produkte, die exakt auf die Bed\u00fcrfnisse unserer Kunden abgestimmt sind.<\/p><h3 data-start=\"540\" data-end=\"563\"><strong data-start=\"540\" data-end=\"563\">Team und Innovation<\/strong><\/h3><p class=\"\" data-start=\"565\" data-end=\"901\">Euroreels besteht aus einem Team von erfahrenen Ingenieuren und innovativ denkenden Fachkr\u00e4ften. Durch kontinuierliche Investitionen in Forschung und Entwicklung integrieren wir die neuesten Technologien und Methoden in unsere Produktionsprozesse. So k\u00f6nnen wir unseren Kunden stets die besten und fortschrittlichsten L\u00f6sungen anbieten.<\/p><h3 data-start=\"903\" data-end=\"932\"><strong data-start=\"903\" data-end=\"932\">Umwelt und Nachhaltigkeit<\/strong><\/h3><p class=\"\" data-start=\"934\" data-end=\"1191\">Mit umweltfreundlichen Produktionsmethoden und unserem auf Nachhaltigkeit ausgerichteten Ansatz leisten wir einen wertvollen Beitrag f\u00fcr Natur und Gesellschaft. In unseren Produktionsprozessen legen wir gro\u00dfen Wert auf Energieeffizienz und Abfallvermeidung.<\/p><h3 data-start=\"1193\" data-end=\"1215\"><strong data-start=\"1193\" data-end=\"1215\">Vision und Mission<\/strong><\/h3><h4 data-start=\"1217\" data-end=\"1592\"><strong data-start=\"1217\" data-end=\"1235\">Unsere Vision<\/strong><\/h4><p class=\"\" data-start=\"1217\" data-end=\"1592\">Wir streben danach, ein f\u00fchrendes Unternehmen zu sein, das die industriellen Bed\u00fcrfnisse der Zukunft erf\u00fcllt. Durch kontinuierliche Investitionen in innovative Technologien verbessern wir unsere F\u00e4higkeit, ma\u00dfgeschneiderte L\u00f6sungen anzubieten, st\u00e4rken unsere f\u00fchrende Position in der Branche und bewegen uns entschlossen in Richtung einer globalen Marke.<\/p><h4 data-start=\"1594\" data-end=\"2096\"><strong data-start=\"1594\" data-end=\"1613\">Unsere Mission<\/strong><\/h4><p class=\"\" data-start=\"1594\" data-end=\"2096\">Wir setzen auf h\u00f6chste Qualit\u00e4ts- und Servicestandards, um maximale Kundenzufriedenheit zu gew\u00e4hrleisten. W\u00e4hrend wir die Leistung und Haltbarkeit unserer Produkte kontinuierlich verbessern, verfolgen wir gleichzeitig eine nachhaltige Produktion und umweltfreundliche Praktiken, um der Umwelt und der Gesellschaft einen Mehrwert zu bieten. Mit unserer Zuverl\u00e4ssigkeit, Qualit\u00e4t und innovativen Herangehensweise setzen wir unseren Weg als f\u00fchrendes Unternehmen in der Branche fort.<\/p><h3 data-start=\"2098\" data-end=\"2123\"><strong data-start=\"2098\" data-end=\"2123\">Ziele f\u00fcr die Zukunft<\/strong><\/h3><p class=\"\" data-start=\"2125\" data-end=\"2570\">Im Einklang mit unserer Vision streben wir an, die industriellen Bed\u00fcrfnisse unseres Landes zu erf\u00fcllen und eine f\u00fchrende Rolle im Bereich Export innerhalb unserer Branche einzunehmen. Durch fortlaufende Investitionen in innovative Technologien verbessern wir unsere F\u00e4higkeit, individuelle Kundenl\u00f6sungen zu entwickeln und st\u00e4rken unser Vertrauen in der Branche. Schritt f\u00fcr Schritt arbeiten wir daran, eine weltweit anerkannte Marke zu werden.<\/p>\t\t\t\t\t\t\t\t<\/div>\n\t\t\t\t<\/div>\n\t\t\t\t\t<\/div>\n\t\t\t\t<\/div>\n\t\t\t\t<\/div>\n\t\t","protected":false},"excerpt":{"rendered":"<p>Euroreels hem standart hem de m\u00fc\u015fterilerimizin \u00f6zel ihtiya\u00e7lar\u0131na uygun , kaliteli, sa\u011flam, dayan\u0131kl\u0131 hortum ve kablo makaralar\u0131 \u00fcretimektedir.<\/p>\n","protected":false},"author":1,"featured_media":3345,"parent":0,"menu_order":0,"comment_status":"closed","ping_status":"closed","template":"elementor_canvas","meta":{"footnotes":""},"class_list":["post-1833","page","type-page","status-publish","has-post-thumbnail","hentry"],"aioseo_notices":[],"_links":{"self":[{"href":"https:\/\/euroreels.com\/de\/wp-json\/wp\/v2\/pages\/1833","targetHints":{"allow":["GET"]}}],"collection":[{"href":"https:\/\/euroreels.com\/de\/wp-json\/wp\/v2\/pages"}],"about":[{"href":"https:\/\/euroreels.com\/de\/wp-json\/wp\/v2\/types\/page"}],"author":[{"embeddable":true,"href":"https:\/\/euroreels.com\/de\/wp-json\/wp\/v2\/users\/1"}],"replies":[{"embeddable":true,"href":"https:\/\/euroreels.com\/de\/wp-json\/wp\/v2\/comments?post=1833"}],"version-history":[{"count":45,"href":"https:\/\/euroreels.com\/de\/wp-json\/wp\/v2\/pages\/1833\/revisions"}],"predecessor-version":[{"id":5906,"href":"https:\/\/euroreels.com\/de\/wp-json\/wp\/v2\/pages\/1833\/revisions\/5906"}],"wp:featuredmedia":[{"embeddable":true,"href":"https:\/\/euroreels.com\/de\/wp-json\/wp\/v2\/media\/3345"}],"wp:attachment":[{"href":"https:\/\/euroreels.com\/de\/wp-json\/wp\/v2\/media?parent=1833"}],"curies":[{"name":"wp","href":"https:\/\/api.w.org\/{rel}","templated":true}]}}