{"id":1674,"date":"2024-01-09T20:05:05","date_gmt":"2024-01-09T20:05:05","guid":{"rendered":"https:\/\/euroreels.com\/home-turkce-2\/"},"modified":"2025-11-22T14:52:36","modified_gmt":"2025-11-22T11:52:36","slug":"startseite","status":"publish","type":"page","link":"https:\/\/euroreels.com\/de\/","title":{"rendered":"Startseite"},"content":{"rendered":"\t\t<div data-elementor-type=\"wp-page\" data-elementor-id=\"1674\" class=\"elementor elementor-1674\">\n\t\t\t\t<div class=\"elementor-element elementor-element-5dd0cd9 e-con-full e-flex wpr-particle-no wpr-jarallax-no wpr-parallax-no wpr-sticky-section-no wpr-column-slider-no wpr-equal-height-no e-con e-parent\" data-id=\"5dd0cd9\" data-element_type=\"container\" data-e-type=\"container\" data-settings=\"{&quot;background_background&quot;:&quot;classic&quot;}\">\n\t\t\t\t<\/div>\n\t\t<div class=\"elementor-element elementor-element-51755a9 elementor-hidden-desktop elementor-hidden-tablet elementor-hidden-mobile e-flex e-con-boxed wpr-particle-no wpr-jarallax-no wpr-parallax-no wpr-sticky-section-no wpr-column-slider-no wpr-equal-height-no e-con e-parent\" data-id=\"51755a9\" data-element_type=\"container\" data-e-type=\"container\">\n\t\t\t\t\t<div class=\"e-con-inner\">\n\t\t<div class=\"elementor-element elementor-element-9041e3c e-con-full e-flex wpr-particle-no wpr-jarallax-no wpr-parallax-no wpr-sticky-section-no wpr-column-slider-no wpr-equal-height-no e-con e-child\" data-id=\"9041e3c\" data-element_type=\"container\" data-e-type=\"container\" data-settings=\"{&quot;background_background&quot;:&quot;classic&quot;}\">\n\t\t\t\t<div class=\"elementor-element elementor-element-af3d968 elementor-widget elementor-widget-heading\" data-id=\"af3d968\" data-element_type=\"widget\" data-e-type=\"widget\" data-widget_type=\"heading.default\">\n\t\t\t\t<div class=\"elementor-widget-container\">\n\t\t\t\t\t<h2 class=\"elementor-heading-title elementor-size-default\"><a href=\"https:\/\/euroreels.com\/hava-hortum-makaralari\/\">Hava Hortum Makaralar\u0131<\/a><\/h2>\t\t\t\t<\/div>\n\t\t\t\t<\/div>\n\t\t\t\t<\/div>\n\t\t<div class=\"elementor-element elementor-element-add7511 e-con-full e-flex wpr-particle-no wpr-jarallax-no wpr-parallax-no wpr-sticky-section-no wpr-column-slider-no wpr-equal-height-no e-con e-child\" data-id=\"add7511\" data-element_type=\"container\" data-e-type=\"container\" data-settings=\"{&quot;background_background&quot;:&quot;classic&quot;}\">\n\t\t\t\t<div class=\"elementor-element elementor-element-b0b81ff elementor-widget elementor-widget-heading\" data-id=\"b0b81ff\" data-element_type=\"widget\" data-e-type=\"widget\" data-widget_type=\"heading.default\">\n\t\t\t\t<div class=\"elementor-widget-container\">\n\t\t\t\t\t<h2 class=\"elementor-heading-title elementor-size-default\"><a href=\"https:\/\/euroreels.com\/su-hortum-makaralari\/\">Su Hortum Makaralar\u0131<\/a><\/h2>\t\t\t\t<\/div>\n\t\t\t\t<\/div>\n\t\t\t\t<\/div>\n\t\t<div class=\"elementor-element elementor-element-281aecd e-con-full e-flex wpr-particle-no wpr-jarallax-no wpr-parallax-no wpr-sticky-section-no wpr-column-slider-no wpr-equal-height-no e-con e-child\" data-id=\"281aecd\" data-element_type=\"container\" data-e-type=\"container\" data-settings=\"{&quot;background_background&quot;:&quot;classic&quot;}\">\n\t\t\t\t<div class=\"elementor-element elementor-element-454da02 elementor-widget elementor-widget-heading\" data-id=\"454da02\" data-element_type=\"widget\" data-e-type=\"widget\" data-widget_type=\"heading.default\">\n\t\t\t\t<div class=\"elementor-widget-container\">\n\t\t\t\t\t<h2 class=\"elementor-heading-title elementor-size-default\"><a href=\"https:\/\/euroreels.com\/kablo-makaralari\/\">Kablo Makaralar\u0131<\/a><\/h2>\t\t\t\t<\/div>\n\t\t\t\t<\/div>\n\t\t\t\t<\/div>\n\t\t<div class=\"elementor-element elementor-element-57aa524 e-con-full e-flex wpr-particle-no wpr-jarallax-no wpr-parallax-no wpr-sticky-section-no wpr-column-slider-no wpr-equal-height-no e-con e-child\" data-id=\"57aa524\" data-element_type=\"container\" data-e-type=\"container\" data-settings=\"{&quot;background_background&quot;:&quot;classic&quot;}\">\n\t\t\t\t<div class=\"elementor-element elementor-element-f075ba4 elementor-widget elementor-widget-heading\" data-id=\"f075ba4\" data-element_type=\"widget\" data-e-type=\"widget\" data-widget_type=\"heading.default\">\n\t\t\t\t<div class=\"elementor-widget-container\">\n\t\t\t\t\t<h2 class=\"elementor-heading-title elementor-size-default\"><a href=\"https:\/\/euroreels.com\/topraklama-makarasi\/\">Topraklama Makaras\u0131<\/a><\/h2>\t\t\t\t<\/div>\n\t\t\t\t<\/div>\n\t\t\t\t<\/div>\n\t\t<div class=\"elementor-element elementor-element-e7da671 e-con-full e-flex wpr-particle-no wpr-jarallax-no wpr-parallax-no wpr-sticky-section-no wpr-column-slider-no wpr-equal-height-no e-con e-child\" data-id=\"e7da671\" data-element_type=\"container\" data-e-type=\"container\" data-settings=\"{&quot;background_background&quot;:&quot;classic&quot;}\">\n\t\t\t\t<div class=\"elementor-element elementor-element-1123fb3 elementor-widget elementor-widget-heading\" data-id=\"1123fb3\" data-element_type=\"widget\" data-e-type=\"widget\" data-widget_type=\"heading.default\">\n\t\t\t\t<div class=\"elementor-widget-container\">\n\t\t\t\t\t<p class=\"elementor-heading-title elementor-size-default\">T\u00fcm \u00dcr\u00fcnlerimiz<\/p>\t\t\t\t<\/div>\n\t\t\t\t<\/div>\n\t\t\t\t<div class=\"elementor-element elementor-element-45b1c99 elementor-widget elementor-widget-heading\" data-id=\"45b1c99\" data-element_type=\"widget\" data-e-type=\"widget\" data-widget_type=\"heading.default\">\n\t\t\t\t<div class=\"elementor-widget-container\">\n\t\t\t\t\t<p class=\"elementor-heading-title elementor-size-default\"><a href=\"https:\/\/euroreels.com\/urunlerimiz\/\">T\u00fcm\u00fcn\u00fc G\u00f6r<\/a><\/p>\t\t\t\t<\/div>\n\t\t\t\t<\/div>\n\t\t\t\t<\/div>\n\t\t\t\t\t<\/div>\n\t\t\t\t<\/div>\n\t\t<div class=\"elementor-element elementor-element-4c9c399 e-flex e-con-boxed wpr-particle-no wpr-jarallax-no wpr-parallax-no wpr-sticky-section-no wpr-column-slider-no wpr-equal-height-no e-con e-parent\" data-id=\"4c9c399\" data-element_type=\"container\" data-e-type=\"container\">\n\t\t\t\t\t<div class=\"e-con-inner\">\n\t\t\t\t<div class=\"elementor-element elementor-element-322b567 elementor-widget elementor-widget-heading\" data-id=\"322b567\" data-element_type=\"widget\" data-e-type=\"widget\" data-widget_type=\"heading.default\">\n\t\t\t\t<div class=\"elementor-widget-container\">\n\t\t\t\t\t<h1 class=\"elementor-heading-title elementor-size-default\">Euroreels Kabel- und Schlauchtrommeln<\/h1>\t\t\t\t<\/div>\n\t\t\t\t<\/div>\n\t\t\t\t<div class=\"elementor-element elementor-element-e244c53 elementor-widget elementor-widget-text-editor\" data-id=\"e244c53\" data-element_type=\"widget\" data-e-type=\"widget\" data-widget_type=\"text-editor.default\">\n\t\t\t\t<div class=\"elementor-widget-container\">\n\t\t\t\t\t\t\t\t\t<p><strong data-start=\"289\" data-end=\"302\">Euroreels<\/strong> bietet eine breite Produktpalette von Luft- und Wasserschlauchtrommeln bis hin zu Kabel- und Erdungstrommeln und liefert zuverl\u00e4ssige L\u00f6sungen f\u00fcr industrielle Anforderungen. Unsere standardm\u00e4\u00dfigen und kundenspezifischen Trommeln zeichnen sich durch ihre robuste Konstruktion und ingenieurorientierten Designs aus und gew\u00e4hrleisten eine sichere und langlebige Nutzung selbst unter anspruchsvollen Einsatzbedingungen.<\/p>\t\t\t\t\t\t\t\t<\/div>\n\t\t\t\t<\/div>\n\t\t\t\t\t<\/div>\n\t\t\t\t<\/div>\n\t\t<div class=\"elementor-element elementor-element-5740dd3 e-flex e-con-boxed wpr-particle-no wpr-jarallax-no wpr-parallax-no wpr-sticky-section-no wpr-column-slider-no wpr-equal-height-no e-con e-parent\" data-id=\"5740dd3\" data-element_type=\"container\" data-e-type=\"container\">\n\t\t\t\t\t<div class=\"e-con-inner\">\n\t\t<div class=\"elementor-element elementor-element-30d43ce e-con-full e-flex wpr-particle-no wpr-jarallax-no wpr-parallax-no wpr-sticky-section-no wpr-column-slider-no wpr-equal-height-no e-con e-child\" data-id=\"30d43ce\" data-element_type=\"container\" data-e-type=\"container\">\n\t\t\t\t<div class=\"elementor-element elementor-element-520f622 elementor-widget elementor-widget-heading\" data-id=\"520f622\" data-element_type=\"widget\" data-e-type=\"widget\" data-widget_type=\"heading.default\">\n\t\t\t\t<div class=\"elementor-widget-container\">\n\t\t\t\t\t<h3 class=\"elementor-heading-title elementor-size-default\">\u00dcber uns<\/h3>\t\t\t\t<\/div>\n\t\t\t\t<\/div>\n\t\t\t\t<div class=\"elementor-element elementor-element-ee444c5 elementor-widget elementor-widget-text-editor\" data-id=\"ee444c5\" data-element_type=\"widget\" data-e-type=\"widget\" data-widget_type=\"text-editor.default\">\n\t\t\t\t<div class=\"elementor-widget-container\">\n\t\t\t\t\t\t\t\t\t<p data-start=\"845\" data-end=\"1114\"><strong data-start=\"845\" data-end=\"858\">Euroreels<\/strong> ist eine innovative Marke, die branchenspezifisches Know-how mit ingenieurtechnischer Kompetenz vereint, um hochwertige, robuste und langlebige Schlauch- und Kabeltrommeln f\u00fcr sowohl standardisierte als auch kundenspezifische Anforderungen herzustellen.<\/p><p data-start=\"1116\" data-end=\"1513\">Seit unserem ersten Tag schaffen wir durch moderne L\u00f6sungen und einen konsequent kundenorientierten Ansatz einen sp\u00fcrbaren Mehrwert in der Branche. Die hohe Lebensdauer unserer Produkte und unsere erstklassigen Servicestandards machen uns zu einem vertrauensw\u00fcrdigen Anbieter im Bereich industrieller Trommelsysteme. Mit diesem Anspruch und Verantwortungsbewusstsein setzen wir unsere Arbeit fort.<\/p>\t\t\t\t\t\t\t\t<\/div>\n\t\t\t\t<\/div>\n\t\t\t\t<\/div>\n\t\t<div class=\"elementor-element elementor-element-a1482cc e-con-full e-flex wpr-particle-no wpr-jarallax-no wpr-parallax-no wpr-sticky-section-no wpr-column-slider-no wpr-equal-height-no e-con e-child\" data-id=\"a1482cc\" data-element_type=\"container\" data-e-type=\"container\">\n\t\t\t\t<div class=\"elementor-element elementor-element-739ab5c elementor-widget elementor-widget-image\" data-id=\"739ab5c\" data-element_type=\"widget\" data-e-type=\"widget\" data-widget_type=\"image.default\">\n\t\t\t\t<div class=\"elementor-widget-container\">\n\t\t\t\t\t\t\t\t\t\t\t\t\t\t\t<img fetchpriority=\"high\" decoding=\"async\" width=\"657\" height=\"364\" src=\"https:\/\/euroreels.com\/de\/wp-content\/uploads\/2024\/05\/Euroreels-Banner-Hakkimizda.jpg\" class=\"attachment-large size-large wp-image-3624\" alt=\"Euroreels Hakk\u0131m\u0131zda\" srcset=\"https:\/\/euroreels.com\/de\/wp-content\/uploads\/2024\/05\/Euroreels-Banner-Hakkimizda.jpg 657w, https:\/\/euroreels.com\/de\/wp-content\/uploads\/2024\/05\/Euroreels-Banner-Hakkimizda-300x166.jpg 300w\" sizes=\"(max-width: 657px) 100vw, 657px\" \/>\t\t\t\t\t\t\t\t\t\t\t\t\t\t\t<\/div>\n\t\t\t\t<\/div>\n\t\t\t\t<\/div>\n\t\t\t\t\t<\/div>\n\t\t\t\t<\/div>\n\t\t\t\t<section class=\"elementor-section elementor-top-section elementor-element elementor-element-1235f74f0 elementor-section-boxed elementor-section-height-default elementor-section-height-default wpr-particle-no wpr-jarallax-no wpr-parallax-no wpr-sticky-section-no wpr-column-slider-no wpr-equal-height-no\" data-id=\"1235f74f0\" data-element_type=\"section\" data-e-type=\"section\">\n\t\t\t\t\t\t<div class=\"elementor-container elementor-column-gap-default\">\n\t\t\t\t\t<div class=\"elementor-column elementor-col-100 elementor-top-column elementor-element elementor-element-1639ee8a\" data-id=\"1639ee8a\" data-element_type=\"column\" data-e-type=\"column\">\n\t\t\t<div class=\"elementor-widget-wrap elementor-element-populated\">\n\t\t\t\t<div class=\"elementor-element elementor-element-1fd2175 e-flex e-con-boxed wpr-particle-no wpr-jarallax-no wpr-parallax-no wpr-sticky-section-no wpr-column-slider-no wpr-equal-height-no e-con e-parent\" data-id=\"1fd2175\" data-element_type=\"container\" data-e-type=\"container\">\n\t\t\t\t\t<div class=\"e-con-inner\">\n\t\t\t\t<div class=\"elementor-element elementor-element-0ae2404 elementor-widget__width-initial elementor-widget-mobile__width-initial elementor-widget elementor-widget-image\" data-id=\"0ae2404\" data-element_type=\"widget\" data-e-type=\"widget\" data-widget_type=\"image.default\">\n\t\t\t\t<div class=\"elementor-widget-container\">\n\t\t\t\t\t\t\t\t\t\t\t\t\t\t\t\t<a href=\"https:\/\/euroreels.com\/wp-content\/uploads\/2024\/07\/9001.jpg\" data-elementor-open-lightbox=\"yes\" data-elementor-lightbox-title=\"9001\" data-e-action-hash=\"#elementor-action%3Aaction%3Dlightbox%26settings%3DeyJpZCI6NDA5NiwidXJsIjoiaHR0cHM6XC9cL2V1cm9yZWVscy5jb21cL2RlXC93cC1jb250ZW50XC91cGxvYWRzXC8yMDI0XC8wN1wvOTAwMS5qcGcifQ%3D%3D\">\n\t\t\t\t\t\t\t<img decoding=\"async\" width=\"345\" height=\"486\" src=\"https:\/\/euroreels.com\/de\/wp-content\/uploads\/2024\/07\/9001.jpg\" class=\"attachment-large size-large wp-image-4096\" alt=\"\" srcset=\"https:\/\/euroreels.com\/de\/wp-content\/uploads\/2024\/07\/9001.jpg 345w, https:\/\/euroreels.com\/de\/wp-content\/uploads\/2024\/07\/9001-213x300.jpg 213w\" sizes=\"(max-width: 345px) 100vw, 345px\" \/>\t\t\t\t\t\t\t\t<\/a>\n\t\t\t\t\t\t\t\t\t\t\t\t\t\t\t<\/div>\n\t\t\t\t<\/div>\n\t\t\t\t<div class=\"elementor-element elementor-element-fa99633 elementor-widget__width-initial elementor-widget-mobile__width-initial elementor-widget elementor-widget-image\" data-id=\"fa99633\" data-element_type=\"widget\" data-e-type=\"widget\" data-widget_type=\"image.default\">\n\t\t\t\t<div class=\"elementor-widget-container\">\n\t\t\t\t\t\t\t\t\t\t\t\t\t\t\t\t<a href=\"https:\/\/euroreels.com\/wp-content\/uploads\/2024\/07\/14001.jpg\" data-elementor-open-lightbox=\"yes\" data-elementor-lightbox-title=\"14001\" data-e-action-hash=\"#elementor-action%3Aaction%3Dlightbox%26settings%3DeyJpZCI6NDA5NywidXJsIjoiaHR0cHM6XC9cL2V1cm9yZWVscy5jb21cL2RlXC93cC1jb250ZW50XC91cGxvYWRzXC8yMDI0XC8wN1wvMTQwMDEuanBnIn0%3D\">\n\t\t\t\t\t\t\t<img decoding=\"async\" width=\"342\" height=\"485\" src=\"https:\/\/euroreels.com\/de\/wp-content\/uploads\/2024\/07\/14001.jpg\" class=\"attachment-large size-large wp-image-4097\" alt=\"\" srcset=\"https:\/\/euroreels.com\/de\/wp-content\/uploads\/2024\/07\/14001.jpg 342w, https:\/\/euroreels.com\/de\/wp-content\/uploads\/2024\/07\/14001-212x300.jpg 212w\" sizes=\"(max-width: 342px) 100vw, 342px\" \/>\t\t\t\t\t\t\t\t<\/a>\n\t\t\t\t\t\t\t\t\t\t\t\t\t\t\t<\/div>\n\t\t\t\t<\/div>\n\t\t\t\t<div class=\"elementor-element elementor-element-c7552f0 elementor-widget__width-initial elementor-widget-mobile__width-initial elementor-widget elementor-widget-image\" data-id=\"c7552f0\" data-element_type=\"widget\" data-e-type=\"widget\" data-widget_type=\"image.default\">\n\t\t\t\t<div class=\"elementor-widget-container\">\n\t\t\t\t\t\t\t\t\t\t\t\t\t\t\t\t<a href=\"https:\/\/euroreels.com\/wp-content\/uploads\/2024\/07\/45001.jpg\" data-elementor-open-lightbox=\"yes\" data-elementor-lightbox-title=\"45001\" data-e-action-hash=\"#elementor-action%3Aaction%3Dlightbox%26settings%3DeyJpZCI6NDA5OCwidXJsIjoiaHR0cHM6XC9cL2V1cm9yZWVscy5jb21cL2RlXC93cC1jb250ZW50XC91cGxvYWRzXC8yMDI0XC8wN1wvNDUwMDEuanBnIn0%3D\">\n\t\t\t\t\t\t\t<img loading=\"lazy\" decoding=\"async\" width=\"344\" height=\"494\" src=\"https:\/\/euroreels.com\/de\/wp-content\/uploads\/2024\/07\/45001.jpg\" class=\"attachment-large size-large wp-image-4098\" alt=\"\" srcset=\"https:\/\/euroreels.com\/de\/wp-content\/uploads\/2024\/07\/45001.jpg 344w, https:\/\/euroreels.com\/de\/wp-content\/uploads\/2024\/07\/45001-209x300.jpg 209w\" sizes=\"(max-width: 344px) 100vw, 344px\" \/>\t\t\t\t\t\t\t\t<\/a>\n\t\t\t\t\t\t\t\t\t\t\t\t\t\t\t<\/div>\n\t\t\t\t<\/div>\n\t\t\t\t\t<\/div>\n\t\t\t\t<\/div>\n\t\t\t\t\t<\/div>\n\t\t<\/div>\n\t\t\t\t\t<\/div>\n\t\t<\/section>\n\t\t<div class=\"elementor-element elementor-element-23373ef e-flex e-con-boxed wpr-particle-no wpr-jarallax-no wpr-parallax-no wpr-sticky-section-no wpr-column-slider-no wpr-equal-height-no e-con e-parent\" data-id=\"23373ef\" data-element_type=\"container\" data-e-type=\"container\">\n\t\t\t\t\t<div class=\"e-con-inner\">\n\t\t\t\t<div class=\"elementor-element elementor-element-f7cbeb4 elementor-widget elementor-widget-text-editor\" data-id=\"f7cbeb4\" data-element_type=\"widget\" data-e-type=\"widget\" data-widget_type=\"text-editor.default\">\n\t\t\t\t<div class=\"elementor-widget-container\">\n\t\t\t\t\t\t\t\t\t<p><strong>Kabeltrommeln<\/strong> sind wichtige Ger\u00e4te zur ordentlichen Aufbewahrung und zum sicheren Transport von Kabeln, die f\u00fcr die Strom- und Daten\u00fcbertragung verwendet werden. Besonders in industriellen Bereichen, auf Baustellen sowie bei B\u00fchnen- und Veranstaltungsorganisationen kommen sie h\u00e4ufig zum Einsatz und bieten gro\u00dfe Vorteile hinsichtlich der sicheren Nutzung. Die Kabeltrommeln von Euroreels zeichnen sich durch hochwertige Materialien, ergonomisches Design und Langlebigkeit aus. Doch in welchen Bereichen werden Kabeltrommeln eingesetzt und warum sollte man sich f\u00fcr die Marke Euroreels entscheiden?<\/p><h4>Kabeltrommel Preise<\/h4><p>Kabeltrommeln sind praktische Ger\u00e4te, die eine ordentliche und sichere Aufbewahrung von Kabeln f\u00fcr die Strom- und Daten\u00fcbertragung erm\u00f6glichen. Besonders im industriellen Einsatz, auf Baustellen oder bei Veranstaltungen sorgen sie f\u00fcr gro\u00dfe Erleichterung. Beim Kauf einer Kabeltrommel ist der Preis ein wichtiger Faktor. Euroreels-Kabeltrommeln \u00fcberzeugen durch hochwertige Materialien, robuste Bauweise und faire Preisoptionen und heben sich dadurch in der Branche hervor.<\/p><h4>Hochwertige Kabeltrommel<\/h4><p>Kabeltrommeln, die f\u00fcr die sichere und ordentliche Aufbewahrung von Strom- und Datenkabeln verwendet werden, finden in verschiedensten Bereichen Anwendung \u2013 von der Industrie bis hin zum privaten Gebrauch. Besonders die Kabeltrommeln von Euroreels z\u00e4hlen dank ihrer hochwertigen Materialien, robusten Bauweise und sicheren Nutzungsm\u00f6glichkeiten zu den f\u00fchrenden Produkten auf dem Markt. Euroreels bietet sowohl f\u00fcr professionelle als auch f\u00fcr private Anwender ideale L\u00f6sungen und macht das Kabelmanagement einfacher und zuverl\u00e4ssiger. Doch welche Eigenschaften zeichnen die Euroreels-Kabeltrommeln aus und warum sollte man sich f\u00fcr sie entscheiden?<\/p>\t\t\t\t\t\t\t\t<\/div>\n\t\t\t\t<\/div>\n\t\t\t\t\t<\/div>\n\t\t\t\t<\/div>\n\t\t\t\t<\/div>\n\t\t","protected":false},"excerpt":{"rendered":"<p>Hava Hortum Makaralar\u0131 Su Hortum Makaralar\u0131 Kablo Makaralar\u0131 Topraklama Makaras\u0131 T\u00fcm \u00dcr\u00fcnlerimiz T\u00fcm\u00fcn\u00fc G\u00f6r Euroreels Kabel- und Schlauchtrommeln Euroreels bietet eine breite Produktpalette von Luft- und Wasserschlauchtrommeln bis hin zu Kabel- und Erdungstrommeln und liefert zuverl\u00e4ssige L\u00f6sungen f\u00fcr industrielle Anforderungen. Unsere standardm\u00e4\u00dfigen und kundenspezifischen Trommeln zeichnen sich durch ihre robuste Konstruktion und ingenieurorientierten Designs aus und gew\u00e4hrleisten eine sichere und langlebige Nutzung selbst unter anspruchsvollen Einsatzbedingungen. \u00dcber uns Euroreels ist eine innovative Marke, die branchenspezifisches Know-how mit ingenieurtechnischer Kompetenz vereint, um hochwertige, robuste und langlebige Schlauch- und Kabeltrommeln f\u00fcr sowohl standardisierte als auch kundenspezifische Anforderungen herzustellen. Seit unserem ersten Tag schaffen wir durch moderne L\u00f6sungen und einen konsequent kundenorientierten Ansatz einen sp\u00fcrbaren Mehrwert in der Branche. Die hohe Lebensdauer unserer Produkte und unsere erstklassigen Servicestandards machen uns zu einem vertrauensw\u00fcrdigen Anbieter im Bereich industrieller Trommelsysteme. Mit diesem Anspruch und Verantwortungsbewusstsein setzen wir unsere Arbeit fort. Kabeltrommeln sind wichtige Ger\u00e4te zur ordentlichen Aufbewahrung und zum sicheren Transport von Kabeln, die f\u00fcr die Strom- und Daten\u00fcbertragung verwendet werden. Besonders in industriellen Bereichen, auf Baustellen sowie bei B\u00fchnen- und Veranstaltungsorganisationen kommen sie h\u00e4ufig zum Einsatz und bieten gro\u00dfe Vorteile hinsichtlich der sicheren Nutzung. Die Kabeltrommeln von Euroreels zeichnen sich durch hochwertige Materialien, ergonomisches Design und Langlebigkeit aus. Doch in welchen Bereichen werden Kabeltrommeln eingesetzt und warum sollte man sich f\u00fcr die Marke Euroreels entscheiden? Kabeltrommel Preise Kabeltrommeln sind praktische Ger\u00e4te, die eine ordentliche und sichere Aufbewahrung von Kabeln f\u00fcr die Strom- und Daten\u00fcbertragung erm\u00f6glichen. Besonders im industriellen Einsatz, auf Baustellen oder bei Veranstaltungen sorgen sie f\u00fcr gro\u00dfe Erleichterung. Beim Kauf einer Kabeltrommel ist der Preis ein wichtiger Faktor. Euroreels-Kabeltrommeln \u00fcberzeugen durch hochwertige Materialien, robuste Bauweise und faire Preisoptionen und heben sich dadurch in der Branche hervor. Hochwertige Kabeltrommel Kabeltrommeln, die f\u00fcr die sichere und ordentliche Aufbewahrung von Strom- und Datenkabeln verwendet werden, finden in verschiedensten Bereichen Anwendung \u2013 von der Industrie bis hin zum privaten Gebrauch. Besonders die Kabeltrommeln von Euroreels z\u00e4hlen dank ihrer hochwertigen Materialien, robusten Bauweise und sicheren Nutzungsm\u00f6glichkeiten zu den f\u00fchrenden Produkten auf dem Markt. Euroreels bietet sowohl f\u00fcr professionelle als auch f\u00fcr private Anwender ideale L\u00f6sungen und macht das Kabelmanagement einfacher und zuverl\u00e4ssiger. Doch welche Eigenschaften zeichnen die Euroreels-Kabeltrommeln aus und warum sollte man sich f\u00fcr sie entscheiden?<\/p>\n","protected":false},"author":1,"featured_media":3398,"parent":0,"menu_order":0,"comment_status":"closed","ping_status":"closed","template":"elementor_canvas","meta":{"footnotes":""},"class_list":["post-1674","page","type-page","status-publish","has-post-thumbnail","hentry"],"aioseo_notices":[],"_links":{"self":[{"href":"https:\/\/euroreels.com\/de\/wp-json\/wp\/v2\/pages\/1674","targetHints":{"allow":["GET"]}}],"collection":[{"href":"https:\/\/euroreels.com\/de\/wp-json\/wp\/v2\/pages"}],"about":[{"href":"https:\/\/euroreels.com\/de\/wp-json\/wp\/v2\/types\/page"}],"author":[{"embeddable":true,"href":"https:\/\/euroreels.com\/de\/wp-json\/wp\/v2\/users\/1"}],"replies":[{"embeddable":true,"href":"https:\/\/euroreels.com\/de\/wp-json\/wp\/v2\/comments?post=1674"}],"version-history":[{"count":209,"href":"https:\/\/euroreels.com\/de\/wp-json\/wp\/v2\/pages\/1674\/revisions"}],"predecessor-version":[{"id":5991,"href":"https:\/\/euroreels.com\/de\/wp-json\/wp\/v2\/pages\/1674\/revisions\/5991"}],"wp:featuredmedia":[{"embeddable":true,"href":"https:\/\/euroreels.com\/de\/wp-json\/wp\/v2\/media\/3398"}],"wp:attachment":[{"href":"https:\/\/euroreels.com\/de\/wp-json\/wp\/v2\/media?parent=1674"}],"curies":[{"name":"wp","href":"https:\/\/api.w.org\/{rel}","templated":true}]}}